{"id":55,"date":"2024-06-01T05:16:34","date_gmt":"2024-06-01T03:16:34","guid":{"rendered":"https:\/\/talleressantaeulalia.es\/?page_id=55"},"modified":"2024-06-28T08:09:58","modified_gmt":"2024-06-28T06:09:58","slug":"blog","status":"publish","type":"page","link":"https:\/\/talleressantaeulalia.es\/en\/blog\/","title":{"rendered":"Blog"},"content":{"rendered":"<div data-elementor-type=\"wp-page\" data-elementor-id=\"55\" class=\"elementor elementor-55\" data-elementor-post-type=\"page\">\n\t\t\t\t<div class=\"elementor-element elementor-element-101bce2 e-flex e-con-boxed e-con e-parent\" data-id=\"101bce2\" data-element_type=\"container\" data-settings=\"{&quot;background_background&quot;:&quot;classic&quot;}\">\n\t\t\t\t\t<div class=\"e-con-inner\">\n\t\t\t\t<div class=\"elementor-element elementor-element-65ae474 elementor-widget-divider--view-line elementor-widget elementor-widget-divider\" data-id=\"65ae474\" data-element_type=\"widget\" data-widget_type=\"divider.default\">\n\t\t\t\t<div class=\"elementor-widget-container\">\n\t\t\t\t\t\t\t<div class=\"elementor-divider\">\n\t\t\t<span class=\"elementor-divider-separator\">\n\t\t\t\t\t\t<\/span>\n\t\t<\/div>\n\t\t\t\t\t\t<\/div>\n\t\t\t\t<\/div>\n\t\t\t\t<div class=\"elementor-element elementor-element-b4624f8 elementor-widget elementor-widget-heading\" data-id=\"b4624f8\" data-element_type=\"widget\" data-widget_type=\"heading.default\">\n\t\t\t\t<div class=\"elementor-widget-container\">\n\t\t\t\t\t<h1 class=\"elementor-heading-title elementor-size-default\">BLOG<\/h1>\t\t\t\t<\/div>\n\t\t\t\t<\/div>\n\t\t\t\t<div class=\"elementor-element elementor-element-4c94e96 elementor-widget elementor-widget-heading\" data-id=\"4c94e96\" data-element_type=\"widget\" data-widget_type=\"heading.default\">\n\t\t\t\t<div class=\"elementor-widget-container\">\n\t\t\t\t\t<h2 class=\"elementor-heading-title elementor-size-default\">Useful tips and news from the automotive sector in Barcelona and Terrassa.<\/h2>\t\t\t\t<\/div>\n\t\t\t\t<\/div>\n\t\t\t\t\t<\/div>\n\t\t\t\t<\/div>\n\t\t<div class=\"elementor-element elementor-element-0d9ff30 e-flex e-con-boxed e-con e-parent\" data-id=\"0d9ff30\" data-element_type=\"container\" data-settings=\"{&quot;background_background&quot;:&quot;classic&quot;}\">\n\t\t\t\t\t<div class=\"e-con-inner\">\n\t\t\t\t<div class=\"elementor-element elementor-element-e361c38 elementor-posts--align-center elementor-grid-3 elementor-grid-tablet-2 elementor-grid-mobile-1 elementor-posts--thumbnail-top elementor-card-shadow-yes elementor-posts__hover-gradient elementor-widget elementor-widget-posts\" data-id=\"e361c38\" data-element_type=\"widget\" data-settings=\"{&quot;pagination_type&quot;:&quot;load_more_infinite_scroll&quot;,&quot;cards_columns&quot;:&quot;3&quot;,&quot;cards_columns_tablet&quot;:&quot;2&quot;,&quot;cards_columns_mobile&quot;:&quot;1&quot;,&quot;cards_row_gap&quot;:{&quot;unit&quot;:&quot;px&quot;,&quot;size&quot;:35,&quot;sizes&quot;:[]},&quot;cards_row_gap_tablet&quot;:{&quot;unit&quot;:&quot;px&quot;,&quot;size&quot;:&quot;&quot;,&quot;sizes&quot;:[]},&quot;cards_row_gap_mobile&quot;:{&quot;unit&quot;:&quot;px&quot;,&quot;size&quot;:&quot;&quot;,&quot;sizes&quot;:[]},&quot;load_more_spinner&quot;:{&quot;value&quot;:&quot;fas fa-spinner&quot;,&quot;library&quot;:&quot;fa-solid&quot;}}\" data-widget_type=\"posts.cards\">\n\t\t\t\t<div class=\"elementor-widget-container\">\n\t\t\t\t\t\t\t<div class=\"elementor-posts-container elementor-posts elementor-posts--skin-cards elementor-grid\">\n\t\t\t\t<article class=\"elementor-post elementor-grid-item post-3450 post type-post status-publish format-standard has-post-thumbnail hentry category-blog\">\n\t\t\t<div class=\"elementor-post__card\">\n\t\t\t\t<a class=\"elementor-post__thumbnail__link\" href=\"https:\/\/talleressantaeulalia.es\/en\/talleres-certificados-por-tesla-lo-que-debes-saber\/\" tabindex=\"-1\" target=\"_blank\"><div class=\"elementor-post__thumbnail\"><img fetchpriority=\"high\" decoding=\"async\" width=\"300\" height=\"188\" src=\"https:\/\/talleressantaeulalia.es\/wp-content\/uploads\/2024\/06\/tesla-gbf0ed17be_1280-1080x675-min-300x188.jpg\" class=\"attachment-medium size-medium wp-image-3451\" alt=\"Automovil blanco a las orillas de las carreteras.\" srcset=\"https:\/\/talleressantaeulalia.es\/wp-content\/uploads\/2024\/06\/tesla-gbf0ed17be_1280-1080x675-min-300x188.jpg 300w, https:\/\/talleressantaeulalia.es\/wp-content\/uploads\/2024\/06\/tesla-gbf0ed17be_1280-1080x675-min-1024x640.jpg 1024w, https:\/\/talleressantaeulalia.es\/wp-content\/uploads\/2024\/06\/tesla-gbf0ed17be_1280-1080x675-min-768x480.jpg 768w, https:\/\/talleressantaeulalia.es\/wp-content\/uploads\/2024\/06\/tesla-gbf0ed17be_1280-1080x675-min.jpg 1080w\" sizes=\"(max-width: 300px) 100vw, 300px\" \/><\/div><\/a>\n\t\t\t\t<div class=\"elementor-post__badge\">Blog<\/div>\n\t\t\t\t<div class=\"elementor-post__text\">\n\t\t\t\t<h3 class=\"elementor-post__title\">\n\t\t\t<a href=\"https:\/\/talleressantaeulalia.es\/en\/talleres-certificados-por-tesla-lo-que-debes-saber\/\" target=\"&quot;_blank&quot;\">\n\t\t\t\tTesla Certified Workshops: What You Should Know\t\t\t<\/a>\n\t\t<\/h3>\n\t\t\t\t<div class=\"elementor-post__excerpt\">\n\t\t\t<p>https:\/\/www.youtube.com\/watch?v=aJg53CtAgFk As many know, when you have a car accident, the first thing you do is call the insurance company to explain the situation. Generally,<\/p>\n\t\t<\/div>\n\t\t\n\t\t<a class=\"elementor-post__read-more\" href=\"https:\/\/talleressantaeulalia.es\/en\/talleres-certificados-por-tesla-lo-que-debes-saber\/\" aria-label=\"Read more about Tesla Certified Workshops: What You Need to Know\" tabindex=\"-1\" target=\"_blank\">\n\t\t\tRead more\t\t<\/a>\n\n\t\t\t\t<\/div>\n\t\t\t\t<div class=\"elementor-post__meta-data\">\n\t\t\t\t\t<span class=\"elementor-post-date\">\n\t\t\t02\/11\/2021\t\t<\/span>\n\t\t\t\t<\/div>\n\t\t\t\t\t<\/div>\n\t\t<\/article>\n\t\t\t\t<article class=\"elementor-post elementor-grid-item post-3419 post type-post status-publish format-standard has-post-thumbnail hentry category-blog\">\n\t\t\t<div class=\"elementor-post__card\">\n\t\t\t\t<a class=\"elementor-post__thumbnail__link\" href=\"https:\/\/talleressantaeulalia.es\/en\/como-comprobar-el-nivel-de-aceite-de-su-coche\/\" tabindex=\"-1\" target=\"_blank\"><div class=\"elementor-post__thumbnail\"><img decoding=\"async\" width=\"300\" height=\"200\" src=\"https:\/\/talleressantaeulalia.es\/wp-content\/uploads\/2024\/06\/nivel-de-aceite-en-auto-300x200.webp\" class=\"attachment-medium size-medium wp-image-3420\" alt=\"nivel de aceite en auto\" srcset=\"https:\/\/talleressantaeulalia.es\/wp-content\/uploads\/2024\/06\/nivel-de-aceite-en-auto-300x200.webp 300w, https:\/\/talleressantaeulalia.es\/wp-content\/uploads\/2024\/06\/nivel-de-aceite-en-auto-1024x683.webp 1024w, https:\/\/talleressantaeulalia.es\/wp-content\/uploads\/2024\/06\/nivel-de-aceite-en-auto-768x512.webp 768w, https:\/\/talleressantaeulalia.es\/wp-content\/uploads\/2024\/06\/nivel-de-aceite-en-auto-1536x1024.webp 1536w, https:\/\/talleressantaeulalia.es\/wp-content\/uploads\/2024\/06\/nivel-de-aceite-en-auto-2048x1365.webp 2048w\" sizes=\"(max-width: 300px) 100vw, 300px\" \/><\/div><\/a>\n\t\t\t\t<div class=\"elementor-post__badge\">Blog<\/div>\n\t\t\t\t<div class=\"elementor-post__text\">\n\t\t\t\t<h3 class=\"elementor-post__title\">\n\t\t\t<a href=\"https:\/\/talleressantaeulalia.es\/en\/como-comprobar-el-nivel-de-aceite-de-su-coche\/\" target=\"&quot;_blank&quot;\">\n\t\t\t\tHow to Check Your Car&#039;s Oil Level?\t\t\t<\/a>\n\t\t<\/h3>\n\t\t\t\t<div class=\"elementor-post__excerpt\">\n\t\t\t<p>Checking your car&#039;s oil level is a simple but essential task to keep the engine in good condition. Below we offer you<\/p>\n\t\t<\/div>\n\t\t\n\t\t<a class=\"elementor-post__read-more\" href=\"https:\/\/talleressantaeulalia.es\/en\/como-comprobar-el-nivel-de-aceite-de-su-coche\/\" aria-label=\"Read more about How to Check Your Car&#039;s Oil Level\" tabindex=\"-1\" target=\"_blank\">\n\t\t\tRead more\t\t<\/a>\n\n\t\t\t\t<\/div>\n\t\t\t\t<div class=\"elementor-post__meta-data\">\n\t\t\t\t\t<span class=\"elementor-post-date\">\n\t\t\t02\/11\/2021\t\t<\/span>\n\t\t\t\t<\/div>\n\t\t\t\t\t<\/div>\n\t\t<\/article>\n\t\t\t\t<article class=\"elementor-post elementor-grid-item post-3408 post type-post status-publish format-standard has-post-thumbnail hentry category-blog\">\n\t\t\t<div class=\"elementor-post__card\">\n\t\t\t\t<a class=\"elementor-post__thumbnail__link\" href=\"https:\/\/talleressantaeulalia.es\/en\/aspectos-clave-de-la-seguridad-de-los-vehiculos\/\" tabindex=\"-1\" target=\"_blank\"><div class=\"elementor-post__thumbnail\"><img decoding=\"async\" width=\"300\" height=\"200\" src=\"https:\/\/talleressantaeulalia.es\/wp-content\/uploads\/2024\/06\/seguridad-de-carros-300x200.webp\" class=\"attachment-medium size-medium wp-image-3412\" alt=\"seguridad de carros\" srcset=\"https:\/\/talleressantaeulalia.es\/wp-content\/uploads\/2024\/06\/seguridad-de-carros-300x200.webp 300w, https:\/\/talleressantaeulalia.es\/wp-content\/uploads\/2024\/06\/seguridad-de-carros-1024x684.webp 1024w, https:\/\/talleressantaeulalia.es\/wp-content\/uploads\/2024\/06\/seguridad-de-carros-768x513.webp 768w, https:\/\/talleressantaeulalia.es\/wp-content\/uploads\/2024\/06\/seguridad-de-carros-1536x1025.webp 1536w, https:\/\/talleressantaeulalia.es\/wp-content\/uploads\/2024\/06\/seguridad-de-carros-2048x1367.webp 2048w\" sizes=\"(max-width: 300px) 100vw, 300px\" \/><\/div><\/a>\n\t\t\t\t<div class=\"elementor-post__badge\">Blog<\/div>\n\t\t\t\t<div class=\"elementor-post__text\">\n\t\t\t\t<h3 class=\"elementor-post__title\">\n\t\t\t<a href=\"https:\/\/talleressantaeulalia.es\/en\/aspectos-clave-de-la-seguridad-de-los-vehiculos\/\" target=\"&quot;_blank&quot;\">\n\t\t\t\tKey Aspects of Vehicle Safety\t\t\t<\/a>\n\t\t<\/h3>\n\t\t\t\t<div class=\"elementor-post__excerpt\">\n\t\t\t<p>Vehicle safety is an essential priority for all drivers. Keeping your car in optimal condition not only protects the occupants,<\/p>\n\t\t<\/div>\n\t\t\n\t\t<a class=\"elementor-post__read-more\" href=\"https:\/\/talleressantaeulalia.es\/en\/aspectos-clave-de-la-seguridad-de-los-vehiculos\/\" aria-label=\"Read more about Key Aspects of Vehicle Safety\" tabindex=\"-1\" target=\"_blank\">\n\t\t\tRead more\t\t<\/a>\n\n\t\t\t\t<\/div>\n\t\t\t\t<div class=\"elementor-post__meta-data\">\n\t\t\t\t\t<span class=\"elementor-post-date\">\n\t\t\t16\/09\/2016\t\t<\/span>\n\t\t\t\t<\/div>\n\t\t\t\t\t<\/div>\n\t\t<\/article>\n\t\t\t\t<article class=\"elementor-post elementor-grid-item post-3399 post type-post status-publish format-standard has-post-thumbnail hentry category-blog\">\n\t\t\t<div class=\"elementor-post__card\">\n\t\t\t\t<a class=\"elementor-post__thumbnail__link\" href=\"https:\/\/talleressantaeulalia.es\/en\/por-que-huele-mal-el-aire-acondicionado-de-su-coche-soluciones-y-prevencion\/\" tabindex=\"-1\" target=\"_blank\"><div class=\"elementor-post__thumbnail\"><img loading=\"lazy\" decoding=\"async\" width=\"300\" height=\"165\" src=\"https:\/\/talleressantaeulalia.es\/wp-content\/uploads\/2024\/06\/mal-olor-coche-300x165.jpg\" class=\"attachment-medium size-medium wp-image-3400\" alt=\"mal-olor-coche\" srcset=\"https:\/\/talleressantaeulalia.es\/wp-content\/uploads\/2024\/06\/mal-olor-coche-300x165.jpg 300w, https:\/\/talleressantaeulalia.es\/wp-content\/uploads\/2024\/06\/mal-olor-coche-1024x564.jpg 1024w, https:\/\/talleressantaeulalia.es\/wp-content\/uploads\/2024\/06\/mal-olor-coche-768x423.jpg 768w, https:\/\/talleressantaeulalia.es\/wp-content\/uploads\/2024\/06\/mal-olor-coche-1536x846.jpg 1536w, https:\/\/talleressantaeulalia.es\/wp-content\/uploads\/2024\/06\/mal-olor-coche.jpg 2000w\" sizes=\"(max-width: 300px) 100vw, 300px\" \/><\/div><\/a>\n\t\t\t\t<div class=\"elementor-post__badge\">Blog<\/div>\n\t\t\t\t<div class=\"elementor-post__text\">\n\t\t\t\t<h3 class=\"elementor-post__title\">\n\t\t\t<a href=\"https:\/\/talleressantaeulalia.es\/en\/por-que-huele-mal-el-aire-acondicionado-de-su-coche-soluciones-y-prevencion\/\" target=\"&quot;_blank&quot;\">\n\t\t\t\tWhy Does Your Car&#039;s Air Conditioner Smell Bad? | Solutions and Prevention\t\t\t<\/a>\n\t\t<\/h3>\n\t\t\t\t<div class=\"elementor-post__excerpt\">\n\t\t\t<p>Your car&#039;s air conditioning can give off bad odors for several reasons. The accumulation of bacteria and mold is one of the most common causes<\/p>\n\t\t<\/div>\n\t\t\n\t\t<a class=\"elementor-post__read-more\" href=\"https:\/\/talleressantaeulalia.es\/en\/por-que-huele-mal-el-aire-acondicionado-de-su-coche-soluciones-y-prevencion\/\" aria-label=\"Read more about Why Does Your Car&#039;s Air Conditioner Smell Bad? | Solutions and Prevention\" tabindex=\"-1\" target=\"_blank\">\n\t\t\tRead more\t\t<\/a>\n\n\t\t\t\t<\/div>\n\t\t\t\t<div class=\"elementor-post__meta-data\">\n\t\t\t\t\t<span class=\"elementor-post-date\">\n\t\t\t29\/07\/2015\t\t<\/span>\n\t\t\t\t<\/div>\n\t\t\t\t\t<\/div>\n\t\t<\/article>\n\t\t\t\t<article class=\"elementor-post elementor-grid-item post-3426 post type-post status-publish format-standard has-post-thumbnail hentry category-blog\">\n\t\t\t<div class=\"elementor-post__card\">\n\t\t\t\t<a class=\"elementor-post__thumbnail__link\" href=\"https:\/\/talleressantaeulalia.es\/en\/filtro-de-particulas-funcionamiento-y-mantenimiento-guia-completa\/\" tabindex=\"-1\" target=\"_blank\"><div class=\"elementor-post__thumbnail\"><img loading=\"lazy\" decoding=\"async\" width=\"294\" height=\"300\" src=\"https:\/\/talleressantaeulalia.es\/wp-content\/uploads\/2024\/06\/particulas-diesel-294x300.webp\" class=\"attachment-medium size-medium wp-image-3427\" alt=\"particulas diesel\" srcset=\"https:\/\/talleressantaeulalia.es\/wp-content\/uploads\/2024\/06\/particulas-diesel-294x300.webp 294w, https:\/\/talleressantaeulalia.es\/wp-content\/uploads\/2024\/06\/particulas-diesel-1002x1024.webp 1002w, https:\/\/talleressantaeulalia.es\/wp-content\/uploads\/2024\/06\/particulas-diesel-768x785.webp 768w, https:\/\/talleressantaeulalia.es\/wp-content\/uploads\/2024\/06\/particulas-diesel.webp 1468w\" sizes=\"(max-width: 294px) 100vw, 294px\" \/><\/div><\/a>\n\t\t\t\t<div class=\"elementor-post__badge\">Blog<\/div>\n\t\t\t\t<div class=\"elementor-post__text\">\n\t\t\t\t<h3 class=\"elementor-post__title\">\n\t\t\t<a href=\"https:\/\/talleressantaeulalia.es\/en\/filtro-de-particulas-funcionamiento-y-mantenimiento-guia-completa\/\" target=\"&quot;_blank&quot;\">\n\t\t\t\tParticle Filter: Operation and Maintenance | Complete Guide\t\t\t<\/a>\n\t\t<\/h3>\n\t\t\t\t<div class=\"elementor-post__excerpt\">\n\t\t\t<p>The diesel particulate filter (DPF) is a crucial component in diesel engine vehicles, designed to reduce harmful particulate emissions. TO<\/p>\n\t\t<\/div>\n\t\t\n\t\t<a class=\"elementor-post__read-more\" href=\"https:\/\/talleressantaeulalia.es\/en\/filtro-de-particulas-funcionamiento-y-mantenimiento-guia-completa\/\" aria-label=\"Read more about Particle Filter: Operation and Maintenance | Complete Guide\" tabindex=\"-1\" target=\"_blank\">\n\t\t\tRead more\t\t<\/a>\n\n\t\t\t\t<\/div>\n\t\t\t\t<div class=\"elementor-post__meta-data\">\n\t\t\t\t\t<span class=\"elementor-post-date\">\n\t\t\t29\/07\/2014\t\t<\/span>\n\t\t\t\t<\/div>\n\t\t\t\t\t<\/div>\n\t\t<\/article>\n\t\t\t\t<article class=\"elementor-post elementor-grid-item post-3432 post type-post status-publish format-standard has-post-thumbnail hentry category-blog\">\n\t\t\t<div class=\"elementor-post__card\">\n\t\t\t\t<a class=\"elementor-post__thumbnail__link\" href=\"https:\/\/talleressantaeulalia.es\/en\/la-correa-de-distribucion-cuando-y-por-que-cambiarla\/\" tabindex=\"-1\" target=\"_blank\"><div class=\"elementor-post__thumbnail\"><img loading=\"lazy\" decoding=\"async\" width=\"300\" height=\"157\" src=\"https:\/\/talleressantaeulalia.es\/wp-content\/uploads\/2024\/06\/timing-belt-on-a-car-300x157.webp\" class=\"attachment-medium size-medium wp-image-3434\" alt=\"correa de distribucion banner talleres\" srcset=\"https:\/\/talleressantaeulalia.es\/wp-content\/uploads\/2024\/06\/timing-belt-on-a-car-300x157.webp 300w, https:\/\/talleressantaeulalia.es\/wp-content\/uploads\/2024\/06\/timing-belt-on-a-car-768x402.webp 768w, https:\/\/talleressantaeulalia.es\/wp-content\/uploads\/2024\/06\/timing-belt-on-a-car.webp 1024w\" sizes=\"(max-width: 300px) 100vw, 300px\" \/><\/div><\/a>\n\t\t\t\t<div class=\"elementor-post__badge\">Blog<\/div>\n\t\t\t\t<div class=\"elementor-post__text\">\n\t\t\t\t<h3 class=\"elementor-post__title\">\n\t\t\t<a href=\"https:\/\/talleressantaeulalia.es\/en\/la-correa-de-distribucion-cuando-y-por-que-cambiarla\/\" target=\"&quot;_blank&quot;\">\n\t\t\t\tThe Timing Belt: When and Why Change It?\t\t\t<\/a>\n\t\t<\/h3>\n\t\t\t\t<div class=\"elementor-post__excerpt\">\n\t\t\t<p>The timing belt is one of the most important parts of your car&#039;s engine, responsible for synchronizing the movement of the pistons and<\/p>\n\t\t<\/div>\n\t\t\n\t\t<a class=\"elementor-post__read-more\" href=\"https:\/\/talleressantaeulalia.es\/en\/la-correa-de-distribucion-cuando-y-por-que-cambiarla\/\" aria-label=\"Read more about The Timing Belt: When and Why to Change It?\" tabindex=\"-1\" target=\"_blank\">\n\t\t\tRead more\t\t<\/a>\n\n\t\t\t\t<\/div>\n\t\t\t\t<div class=\"elementor-post__meta-data\">\n\t\t\t\t\t<span class=\"elementor-post-date\">\n\t\t\t21\/03\/2014\t\t<\/span>\n\t\t\t\t<\/div>\n\t\t\t\t\t<\/div>\n\t\t<\/article>\n\t\t\t\t<\/div>\n\t\t\t\t\t<span class=\"e-load-more-spinner\">\n\t\t\t\t<svg aria-hidden=\"true\" class=\"e-font-icon-svg e-fas-spinner\" viewbox=\"0 0 512 512\" xmlns=\"http:\/\/www.w3.org\/2000\/svg\"><path d=\"M304 48c0 26.51-21.49 48-48 48s-48-21.49-48-48 21.49-48 48-48 48 21.49 48 48zm-48 368c-26.51 0-48 21.49-48 48s21.49 48 48 48 48-21.49 48-48-21.49-48-48-48zm208-208c-26.51 0-48 21.49-48 48s21.49 48 48 48 48-21.49 48-48-21.49-48-48-48zM96 256c0-26.51-21.49-48-48-48S0 229.49 0 256s21.49 48 48 48 48-21.49 48-48zm12.922 99.078c-26.51 0-48 21.49-48 48s21.49 48 48 48 48-21.49 48-48c0-26.509-21.491-48-48-48zm294.156 0c-26.51 0-48 21.49-48 48s21.49 48 48 48 48-21.49 48-48c0-26.509-21.49-48-48-48zM108.922 60.922c-26.51 0-48 21.49-48 48s21.49 48 48 48 48-21.49 48-48-21.491-48-48-48z\"><\/path><\/svg>\t\t\t<\/span>\n\t\t\n\t\t\t\t\t\t<\/div>\n\t\t\t\t<\/div>\n\t\t\t\t\t<\/div>\n\t\t\t\t<\/div>\n\t\t\t\t<\/div>","protected":false},"excerpt":{"rendered":"<p>BLOG: Useful tips and news from the automotive sector in Barcelona and Terrassa.<\/p>","protected":false},"author":1,"featured_media":0,"parent":0,"menu_order":0,"comment_status":"closed","ping_status":"closed","template":"elementor_header_footer","meta":{"footnotes":""},"class_list":["post-55","page","type-page","status-publish","hentry"],"yoast_head":"<!-- This site is optimized with the Yoast SEO plugin v25.3.1 - https:\/\/yoast.com\/wordpress\/plugins\/seo\/ -->\n<title>Blog Automotriz en Barcelona - Talleres Santa Eulalia<\/title>\n<meta name=\"description\" content=\"Lea nuestro blog automotriz en Barcelona para consejos, tutoriales y novedades del sector. Mejore el mantenimiento de su veh\u00edculo con Talleres Santa Eulalia\" \/>\n<meta name=\"robots\" content=\"index, follow, max-snippet:-1, max-image-preview:large, max-video-preview:-1\" \/>\n<link rel=\"canonical\" href=\"https:\/\/talleressantaeulalia.es\/en\/blog\/\" \/>\n<meta property=\"og:locale\" content=\"en_GB\" \/>\n<meta property=\"og:type\" content=\"article\" \/>\n<meta property=\"og:title\" content=\"Blog Automotriz en Barcelona - Talleres Santa Eulalia\" \/>\n<meta property=\"og:description\" content=\"Lea nuestro blog automotriz en Barcelona para consejos, tutoriales y novedades del sector. Mejore el mantenimiento de su veh\u00edculo con Talleres Santa Eulalia\" \/>\n<meta property=\"og:url\" content=\"https:\/\/talleressantaeulalia.es\/en\/blog\/\" \/>\n<meta property=\"og:site_name\" content=\"Talleres Santa Eulalia\" \/>\n<meta property=\"article:publisher\" content=\"https:\/\/www.facebook.com\/talleressantaeulalia\" \/>\n<meta property=\"article:modified_time\" content=\"2024-06-28T06:09:58+00:00\" \/>\n<meta name=\"twitter:card\" content=\"summary_large_image\" \/>\n<meta name=\"twitter:label1\" content=\"Estimated reading time\" \/>\n\t<meta name=\"twitter:data1\" content=\"1 minute\" \/>\n<script type=\"application\/ld+json\" class=\"yoast-schema-graph\">{\"@context\":\"https:\/\/schema.org\",\"@graph\":[{\"@type\":\"WebPage\",\"@id\":\"https:\/\/talleressantaeulalia.es\/blog\/\",\"url\":\"https:\/\/talleressantaeulalia.es\/blog\/\",\"name\":\"Blog Automotriz en Barcelona - Talleres Santa Eulalia\",\"isPartOf\":{\"@id\":\"https:\/\/talleressantaeulalia.es\/#website\"},\"datePublished\":\"2024-06-01T03:16:34+00:00\",\"dateModified\":\"2024-06-28T06:09:58+00:00\",\"description\":\"Lea nuestro blog automotriz en Barcelona para consejos, tutoriales y novedades del sector. Mejore el mantenimiento de su veh\u00edculo con Talleres Santa Eulalia\",\"breadcrumb\":{\"@id\":\"https:\/\/talleressantaeulalia.es\/blog\/#breadcrumb\"},\"inLanguage\":\"en-GB\",\"potentialAction\":[{\"@type\":\"ReadAction\",\"target\":[\"https:\/\/talleressantaeulalia.es\/blog\/\"]}]},{\"@type\":\"BreadcrumbList\",\"@id\":\"https:\/\/talleressantaeulalia.es\/blog\/#breadcrumb\",\"itemListElement\":[{\"@type\":\"ListItem\",\"position\":1,\"name\":\"Portada\",\"item\":\"https:\/\/talleressantaeulalia.es\/\"},{\"@type\":\"ListItem\",\"position\":2,\"name\":\"Blog\"}]},{\"@type\":\"WebSite\",\"@id\":\"https:\/\/talleressantaeulalia.es\/#website\",\"url\":\"https:\/\/talleressantaeulalia.es\/\",\"name\":\"Talleres Santa Eulalia\",\"description\":\"Taller mecanio en Terrassa, reparaci\u00f3n de veh\u00edculos, servicio oficial Tesla. Ofrecemos servicios de mec\u00e1nica, chapa y pintura con la garant\u00eda de calidad desde 1978\",\"publisher\":{\"@id\":\"https:\/\/talleressantaeulalia.es\/#organization\"},\"potentialAction\":[{\"@type\":\"SearchAction\",\"target\":{\"@type\":\"EntryPoint\",\"urlTemplate\":\"https:\/\/talleressantaeulalia.es\/?s={search_term_string}\"},\"query-input\":{\"@type\":\"PropertyValueSpecification\",\"valueRequired\":true,\"valueName\":\"search_term_string\"}}],\"inLanguage\":\"en-GB\"},{\"@type\":\"Organization\",\"@id\":\"https:\/\/talleressantaeulalia.es\/#organization\",\"name\":\"Talleres Santa Eulalia\",\"url\":\"https:\/\/talleressantaeulalia.es\/\",\"logo\":{\"@type\":\"ImageObject\",\"inLanguage\":\"en-GB\",\"@id\":\"https:\/\/talleressantaeulalia.es\/#\/schema\/logo\/image\/\",\"url\":\"https:\/\/talleressantaeulalia.es\/wp-content\/uploads\/2024\/06\/Logo-Talleres-Santa-Eulalia.png\",\"contentUrl\":\"https:\/\/talleressantaeulalia.es\/wp-content\/uploads\/2024\/06\/Logo-Talleres-Santa-Eulalia.png\",\"width\":253,\"height\":75,\"caption\":\"Talleres Santa Eulalia\"},\"image\":{\"@id\":\"https:\/\/talleressantaeulalia.es\/#\/schema\/logo\/image\/\"},\"sameAs\":[\"https:\/\/www.facebook.com\/talleressantaeulalia\",\"https:\/\/www.instagram.com\/talleres_santa_eulalia?igshid=q7vow4s39hla\",\"https:\/\/www.youtube.com\/channel\/UCs2QRdoHYKCNgHkm6bKUVmg\"]}]}<\/script>\n<!-- \/ Yoast SEO plugin. -->","yoast_head_json":{"title":"Blog Automotriz en Barcelona - Talleres Santa Eulalia","description":"Lea nuestro blog automotriz en Barcelona para consejos, tutoriales y novedades del sector. Mejore el mantenimiento de su veh\u00edculo con Talleres Santa Eulalia","robots":{"index":"index","follow":"follow","max-snippet":"max-snippet:-1","max-image-preview":"max-image-preview:large","max-video-preview":"max-video-preview:-1"},"canonical":"https:\/\/talleressantaeulalia.es\/en\/blog\/","og_locale":"en_GB","og_type":"article","og_title":"Blog Automotriz en Barcelona - Talleres Santa Eulalia","og_description":"Lea nuestro blog automotriz en Barcelona para consejos, tutoriales y novedades del sector. Mejore el mantenimiento de su veh\u00edculo con Talleres Santa Eulalia","og_url":"https:\/\/talleressantaeulalia.es\/en\/blog\/","og_site_name":"Talleres Santa Eulalia","article_publisher":"https:\/\/www.facebook.com\/talleressantaeulalia","article_modified_time":"2024-06-28T06:09:58+00:00","twitter_card":"summary_large_image","twitter_misc":{"Estimated reading time":"1 minute"},"schema":{"@context":"https:\/\/schema.org","@graph":[{"@type":"WebPage","@id":"https:\/\/talleressantaeulalia.es\/blog\/","url":"https:\/\/talleressantaeulalia.es\/blog\/","name":"Blog Automotriz en Barcelona - Talleres Santa Eulalia","isPartOf":{"@id":"https:\/\/talleressantaeulalia.es\/#website"},"datePublished":"2024-06-01T03:16:34+00:00","dateModified":"2024-06-28T06:09:58+00:00","description":"Lea nuestro blog automotriz en Barcelona para consejos, tutoriales y novedades del sector. Mejore el mantenimiento de su veh\u00edculo con Talleres Santa Eulalia","breadcrumb":{"@id":"https:\/\/talleressantaeulalia.es\/blog\/#breadcrumb"},"inLanguage":"en-GB","potentialAction":[{"@type":"ReadAction","target":["https:\/\/talleressantaeulalia.es\/blog\/"]}]},{"@type":"BreadcrumbList","@id":"https:\/\/talleressantaeulalia.es\/blog\/#breadcrumb","itemListElement":[{"@type":"ListItem","position":1,"name":"Portada","item":"https:\/\/talleressantaeulalia.es\/"},{"@type":"ListItem","position":2,"name":"Blog"}]},{"@type":"WebSite","@id":"https:\/\/talleressantaeulalia.es\/#website","url":"https:\/\/talleressantaeulalia.es\/","name":"Talleres Santa Eulalia","description":"Taller mecanio en Terrassa, reparaci\u00f3n de veh\u00edculos, servicio oficial Tesla. Ofrecemos servicios de mec\u00e1nica, chapa y pintura con la garant\u00eda de calidad desde 1978","publisher":{"@id":"https:\/\/talleressantaeulalia.es\/#organization"},"potentialAction":[{"@type":"SearchAction","target":{"@type":"EntryPoint","urlTemplate":"https:\/\/talleressantaeulalia.es\/?s={search_term_string}"},"query-input":{"@type":"PropertyValueSpecification","valueRequired":true,"valueName":"search_term_string"}}],"inLanguage":"en-GB"},{"@type":"Organization","@id":"https:\/\/talleressantaeulalia.es\/#organization","name":"Talleres Santa Eulalia","url":"https:\/\/talleressantaeulalia.es\/","logo":{"@type":"ImageObject","inLanguage":"en-GB","@id":"https:\/\/talleressantaeulalia.es\/#\/schema\/logo\/image\/","url":"https:\/\/talleressantaeulalia.es\/wp-content\/uploads\/2024\/06\/Logo-Talleres-Santa-Eulalia.png","contentUrl":"https:\/\/talleressantaeulalia.es\/wp-content\/uploads\/2024\/06\/Logo-Talleres-Santa-Eulalia.png","width":253,"height":75,"caption":"Talleres Santa Eulalia"},"image":{"@id":"https:\/\/talleressantaeulalia.es\/#\/schema\/logo\/image\/"},"sameAs":["https:\/\/www.facebook.com\/talleressantaeulalia","https:\/\/www.instagram.com\/talleres_santa_eulalia?igshid=q7vow4s39hla","https:\/\/www.youtube.com\/channel\/UCs2QRdoHYKCNgHkm6bKUVmg"]}]}},"_links":{"self":[{"href":"https:\/\/talleressantaeulalia.es\/en\/wp-json\/wp\/v2\/pages\/55","targetHints":{"allow":["GET"]}}],"collection":[{"href":"https:\/\/talleressantaeulalia.es\/en\/wp-json\/wp\/v2\/pages"}],"about":[{"href":"https:\/\/talleressantaeulalia.es\/en\/wp-json\/wp\/v2\/types\/page"}],"author":[{"embeddable":true,"href":"https:\/\/talleressantaeulalia.es\/en\/wp-json\/wp\/v2\/users\/1"}],"replies":[{"embeddable":true,"href":"https:\/\/talleressantaeulalia.es\/en\/wp-json\/wp\/v2\/comments?post=55"}],"version-history":[{"count":16,"href":"https:\/\/talleressantaeulalia.es\/en\/wp-json\/wp\/v2\/pages\/55\/revisions"}],"predecessor-version":[{"id":3283,"href":"https:\/\/talleressantaeulalia.es\/en\/wp-json\/wp\/v2\/pages\/55\/revisions\/3283"}],"wp:attachment":[{"href":"https:\/\/talleressantaeulalia.es\/en\/wp-json\/wp\/v2\/media?parent=55"}],"curies":[{"name":"wp","href":"https:\/\/api.w.org\/{rel}","templated":true}]}}