{"id":51,"date":"2024-06-01T05:16:11","date_gmt":"2024-06-01T03:16:11","guid":{"rendered":"https:\/\/talleressantaeulalia.es\/?page_id=51"},"modified":"2024-11-19T07:28:06","modified_gmt":"2024-11-19T06:28:06","slug":"proyectos","status":"publish","type":"page","link":"https:\/\/talleressantaeulalia.es\/en\/proyectos\/","title":{"rendered":"Projects"},"content":{"rendered":"<div data-elementor-type=\"wp-page\" data-elementor-id=\"51\" class=\"elementor elementor-51\" data-elementor-post-type=\"page\">\n\t\t\t\t<div class=\"elementor-element elementor-element-03d389d e-con-full e-flex e-con e-parent\" data-id=\"03d389d\" data-element_type=\"container\" data-settings=\"{&quot;background_background&quot;:&quot;classic&quot;}\">\n\t\t<div class=\"elementor-element elementor-element-7ff3196 e-con-full elementor-hidden-mobile e-flex e-con e-child\" data-id=\"7ff3196\" data-element_type=\"container\">\n\t\t<div class=\"elementor-element elementor-element-07818db e-con-full e-flex e-con e-child\" data-id=\"07818db\" data-element_type=\"container\">\n\t\t\t\t<\/div>\n\t\t<div class=\"elementor-element elementor-element-5b730ac e-con-full e-flex e-con e-child\" data-id=\"5b730ac\" data-element_type=\"container\" data-settings=\"{&quot;background_background&quot;:&quot;classic&quot;}\">\n\t\t\t\t<\/div>\n\t\t\t\t<\/div>\n\t\t<div class=\"elementor-element elementor-element-b6cd467 e-con-full e-flex e-con e-child\" data-id=\"b6cd467\" data-element_type=\"container\">\n\t\t<div class=\"elementor-element elementor-element-54dfc95 e-con-full e-flex e-con e-child\" data-id=\"54dfc95\" data-element_type=\"container\">\n\t\t\t\t<div class=\"elementor-element elementor-element-84a684c elementor-widget-divider--view-line elementor-widget elementor-widget-divider\" data-id=\"84a684c\" data-element_type=\"widget\" data-widget_type=\"divider.default\">\n\t\t\t\t<div class=\"elementor-widget-container\">\n\t\t\t\t\t\t\t<div class=\"elementor-divider\">\n\t\t\t<span class=\"elementor-divider-separator\">\n\t\t\t\t\t\t<\/span>\n\t\t<\/div>\n\t\t\t\t\t\t<\/div>\n\t\t\t\t<\/div>\n\t\t\t\t<div class=\"elementor-element elementor-element-133b338 elementor-widget elementor-widget-heading\" data-id=\"133b338\" data-element_type=\"widget\" data-widget_type=\"heading.default\">\n\t\t\t\t<div class=\"elementor-widget-container\">\n\t\t\t\t\t<h2 class=\"elementor-heading-title elementor-size-default\">Our projects<\/h2>\t\t\t\t<\/div>\n\t\t\t\t<\/div>\n\t\t\t\t<div class=\"elementor-element elementor-element-af24d67 elementor-widget elementor-widget-heading\" data-id=\"af24d67\" data-element_type=\"widget\" data-widget_type=\"heading.default\">\n\t\t\t\t<div class=\"elementor-widget-container\">\n\t\t\t\t\t<h2 class=\"elementor-heading-title elementor-size-default\">Explore our outstanding vehicle repair projects in Barcelona and Terrassa.<\/h2>\t\t\t\t<\/div>\n\t\t\t\t<\/div>\n\t\t\t\t<\/div>\n\t\t<div class=\"elementor-element elementor-element-33c4e91 e-con-full e-flex e-con e-child\" data-id=\"33c4e91\" data-element_type=\"container\">\n\t\t\t\t<div class=\"elementor-element elementor-element-dbc8d08 elementor-grid-1 elementor-grid-tablet-2 elementor-grid-mobile-1 elementor-posts--thumbnail-top elementor-card-shadow-yes elementor-posts__hover-gradient elementor-widget elementor-widget-posts\" data-id=\"dbc8d08\" data-element_type=\"widget\" data-settings=\"{&quot;cards_columns&quot;:&quot;1&quot;,&quot;cards_columns_tablet&quot;:&quot;2&quot;,&quot;cards_columns_mobile&quot;:&quot;1&quot;,&quot;cards_row_gap&quot;:{&quot;unit&quot;:&quot;px&quot;,&quot;size&quot;:35,&quot;sizes&quot;:[]},&quot;cards_row_gap_tablet&quot;:{&quot;unit&quot;:&quot;px&quot;,&quot;size&quot;:&quot;&quot;,&quot;sizes&quot;:[]},&quot;cards_row_gap_mobile&quot;:{&quot;unit&quot;:&quot;px&quot;,&quot;size&quot;:&quot;&quot;,&quot;sizes&quot;:[]}}\" data-widget_type=\"posts.cards\">\n\t\t\t\t<div class=\"elementor-widget-container\">\n\t\t\t\t\t\t\t<div class=\"elementor-posts-container elementor-posts elementor-posts--skin-cards elementor-grid\">\n\t\t\t\t<article class=\"elementor-post elementor-grid-item post-4588 post type-post status-publish format-standard has-post-thumbnail hentry category-proyectos\">\n\t\t\t<div class=\"elementor-post__card\">\n\t\t\t\t<a class=\"elementor-post__thumbnail__link\" href=\"https:\/\/talleressantaeulalia.es\/en\/talleres-santa-eulalia-se-acoge-al-programa-de-movilidad-eficiente-moves-iii\/\" tabindex=\"-1\" ><div class=\"elementor-post__thumbnail\"><img fetchpriority=\"high\" decoding=\"async\" width=\"300\" height=\"173\" src=\"https:\/\/talleressantaeulalia.es\/wp-content\/uploads\/2024\/11\/baner_01-300x173.jpg\" class=\"attachment-medium size-medium wp-image-4595\" alt=\"banner\" srcset=\"https:\/\/talleressantaeulalia.es\/wp-content\/uploads\/2024\/11\/baner_01-300x173.jpg 300w, https:\/\/talleressantaeulalia.es\/wp-content\/uploads\/2024\/11\/baner_01-1024x589.jpg 1024w, https:\/\/talleressantaeulalia.es\/wp-content\/uploads\/2024\/11\/baner_01-768x442.jpg 768w, https:\/\/talleressantaeulalia.es\/wp-content\/uploads\/2024\/11\/baner_01-18x10.jpg 18w, https:\/\/talleressantaeulalia.es\/wp-content\/uploads\/2024\/11\/baner_01.jpg 1080w\" sizes=\"(max-width: 300px) 100vw, 300px\" \/><\/div><\/a>\n\t\t\t\t<div class=\"elementor-post__badge\">Projects<\/div>\n\t\t\t\t<div class=\"elementor-post__text\">\n\t\t\t\t<h3 class=\"elementor-post__title\">\n\t\t\t<a href=\"https:\/\/talleressantaeulalia.es\/en\/talleres-santa-eulalia-se-acoge-al-programa-de-movilidad-eficiente-moves-iii\/\" >\n\t\t\t\tTalleres Santa Eulalia joins the MOVES III efficient mobility programme\t\t\t<\/a>\n\t\t<\/h3>\n\t\t\n\t\t<a class=\"elementor-post__read-more\" href=\"https:\/\/talleressantaeulalia.es\/en\/talleres-santa-eulalia-se-acoge-al-programa-de-movilidad-eficiente-moves-iii\/\" aria-label=\"Read more about Talleres Santa Eulalia joins the MOVES III efficient mobility program\" tabindex=\"-1\" >\n\t\t\tRead more\t\t<\/a>\n\n\t\t\t\t<\/div>\n\t\t\t\t\t<\/div>\n\t\t<\/article>\n\t\t\t\t<\/div>\n\t\t\n\t\t\t\t\t\t<\/div>\n\t\t\t\t<\/div>\n\t\t\t\t<\/div>\n\t\t\t\t<\/div>\n\t\t\t\t<\/div>\n\t\t<div class=\"elementor-element elementor-element-b3ce989 e-flex e-con-boxed e-con e-parent\" data-id=\"b3ce989\" data-element_type=\"container\" data-settings=\"{&quot;background_background&quot;:&quot;classic&quot;}\">\n\t\t\t\t\t<div class=\"e-con-inner\">\n\t\t\t\t<div class=\"elementor-element elementor-element-e5fcd10 elementor-posts--align-center elementor-grid-3 elementor-grid-tablet-2 elementor-grid-mobile-1 elementor-posts--thumbnail-top elementor-card-shadow-yes elementor-posts__hover-gradient elementor-widget elementor-widget-posts\" data-id=\"e5fcd10\" data-element_type=\"widget\" data-settings=\"{&quot;cards_columns&quot;:&quot;3&quot;,&quot;cards_columns_tablet&quot;:&quot;2&quot;,&quot;cards_columns_mobile&quot;:&quot;1&quot;,&quot;cards_row_gap&quot;:{&quot;unit&quot;:&quot;px&quot;,&quot;size&quot;:35,&quot;sizes&quot;:[]},&quot;cards_row_gap_tablet&quot;:{&quot;unit&quot;:&quot;px&quot;,&quot;size&quot;:&quot;&quot;,&quot;sizes&quot;:[]},&quot;cards_row_gap_mobile&quot;:{&quot;unit&quot;:&quot;px&quot;,&quot;size&quot;:&quot;&quot;,&quot;sizes&quot;:[]}}\" data-widget_type=\"posts.cards\">\n\t\t\t\t<div class=\"elementor-widget-container\">\n\t\t\t\t\t\t\t<div class=\"elementor-posts-container elementor-posts elementor-posts--skin-cards elementor-grid\">\n\t\t\t\t<article class=\"elementor-post elementor-grid-item post-4588 post type-post status-publish format-standard has-post-thumbnail hentry category-proyectos\">\n\t\t\t<div class=\"elementor-post__card\">\n\t\t\t\t<a class=\"elementor-post__thumbnail__link\" href=\"https:\/\/talleressantaeulalia.es\/en\/talleres-santa-eulalia-se-acoge-al-programa-de-movilidad-eficiente-moves-iii\/\" tabindex=\"-1\" ><div class=\"elementor-post__thumbnail\"><img fetchpriority=\"high\" decoding=\"async\" width=\"300\" height=\"173\" src=\"https:\/\/talleressantaeulalia.es\/wp-content\/uploads\/2024\/11\/baner_01-300x173.jpg\" class=\"attachment-medium size-medium wp-image-4595\" alt=\"banner\" srcset=\"https:\/\/talleressantaeulalia.es\/wp-content\/uploads\/2024\/11\/baner_01-300x173.jpg 300w, https:\/\/talleressantaeulalia.es\/wp-content\/uploads\/2024\/11\/baner_01-1024x589.jpg 1024w, https:\/\/talleressantaeulalia.es\/wp-content\/uploads\/2024\/11\/baner_01-768x442.jpg 768w, https:\/\/talleressantaeulalia.es\/wp-content\/uploads\/2024\/11\/baner_01-18x10.jpg 18w, https:\/\/talleressantaeulalia.es\/wp-content\/uploads\/2024\/11\/baner_01.jpg 1080w\" sizes=\"(max-width: 300px) 100vw, 300px\" \/><\/div><\/a>\n\t\t\t\t<div class=\"elementor-post__badge\">Projects<\/div>\n\t\t\t\t<div class=\"elementor-post__text\">\n\t\t\t\t<h3 class=\"elementor-post__title\">\n\t\t\t<a href=\"https:\/\/talleressantaeulalia.es\/en\/talleres-santa-eulalia-se-acoge-al-programa-de-movilidad-eficiente-moves-iii\/\" >\n\t\t\t\tTalleres Santa Eulalia joins the MOVES III efficient mobility programme\t\t\t<\/a>\n\t\t<\/h3>\n\t\t\t\t<div class=\"elementor-post__excerpt\">\n\t\t\t<p>At Talleres Santa Eulalia, we are proud to announce our adhesion to the efficient mobility program MOVES III with the installation of electric chargers in our facilities.<\/p>\n\t\t<\/div>\n\t\t\n\t\t<a class=\"elementor-post__read-more\" href=\"https:\/\/talleressantaeulalia.es\/en\/talleres-santa-eulalia-se-acoge-al-programa-de-movilidad-eficiente-moves-iii\/\" aria-label=\"Read more about Talleres Santa Eulalia joins the MOVES III efficient mobility program\" tabindex=\"-1\" >\n\t\t\tRead more\t\t<\/a>\n\n\t\t\t\t<\/div>\n\t\t\t\t<div class=\"elementor-post__meta-data\">\n\t\t\t\t\t<span class=\"elementor-post-date\">\n\t\t\t19\/11\/2024\t\t<\/span>\n\t\t\t\t<\/div>\n\t\t\t\t\t<\/div>\n\t\t<\/article>\n\t\t\t\t<article class=\"elementor-post elementor-grid-item post-3433 post type-post status-publish format-standard has-post-thumbnail hentry category-proyectos\">\n\t\t\t<div class=\"elementor-post__card\">\n\t\t\t\t<a class=\"elementor-post__thumbnail__link\" href=\"https:\/\/talleressantaeulalia.es\/en\/talleres-santa-eulalia-apoya-al-triatleta-paralimpico-dani-molina\/\" tabindex=\"-1\" ><div class=\"elementor-post__thumbnail\"><img decoding=\"async\" width=\"300\" height=\"200\" src=\"https:\/\/talleressantaeulalia.es\/wp-content\/uploads\/2024\/06\/Dani-Molina-min-300x200.jpg\" class=\"attachment-medium size-medium wp-image-3436\" alt=\"triatleta paral\u00edmpico Dani Molina.\" srcset=\"https:\/\/talleressantaeulalia.es\/wp-content\/uploads\/2024\/06\/Dani-Molina-min-300x200.jpg 300w, https:\/\/talleressantaeulalia.es\/wp-content\/uploads\/2024\/06\/Dani-Molina-min.jpg 663w\" sizes=\"(max-width: 300px) 100vw, 300px\" \/><\/div><\/a>\n\t\t\t\t<div class=\"elementor-post__badge\">Projects<\/div>\n\t\t\t\t<div class=\"elementor-post__text\">\n\t\t\t\t<h3 class=\"elementor-post__title\">\n\t\t\t<a href=\"https:\/\/talleressantaeulalia.es\/en\/talleres-santa-eulalia-apoya-al-triatleta-paralimpico-dani-molina\/\" >\n\t\t\t\tTalleres Santa Eulalia supports the Paralympic triathlete Dani Molina.\t\t\t<\/a>\n\t\t<\/h3>\n\t\t\t\t<div class=\"elementor-post__excerpt\">\n\t\t\t<p>Talleres Santa Eulalia participates in a project to sponsor an athlete. Since we learned about the story of self-improvement of the triathlete Dani Molina, and the magnificent work<\/p>\n\t\t<\/div>\n\t\t\n\t\t<a class=\"elementor-post__read-more\" href=\"https:\/\/talleressantaeulalia.es\/en\/talleres-santa-eulalia-apoya-al-triatleta-paralimpico-dani-molina\/\" aria-label=\"Read more about Talleres Santa Eulalia supporting Paralympic triathlete Dani Molina.\" tabindex=\"-1\" >\n\t\t\tRead more\t\t<\/a>\n\n\t\t\t\t<\/div>\n\t\t\t\t<div class=\"elementor-post__meta-data\">\n\t\t\t\t\t<span class=\"elementor-post-date\">\n\t\t\t11\/06\/2019\t\t<\/span>\n\t\t\t\t<\/div>\n\t\t\t\t\t<\/div>\n\t\t<\/article>\n\t\t\t\t<article class=\"elementor-post elementor-grid-item post-3468 post type-post status-publish format-standard has-post-thumbnail hentry category-proyectos\">\n\t\t\t<div class=\"elementor-post__card\">\n\t\t\t\t<a class=\"elementor-post__thumbnail__link\" href=\"https:\/\/talleressantaeulalia.es\/en\/talleres-santa-eulalia-participa-en-un-evento-de-jm-automocion\/\" tabindex=\"-1\" ><div class=\"elementor-post__thumbnail\"><img decoding=\"async\" width=\"300\" height=\"200\" src=\"https:\/\/talleressantaeulalia.es\/wp-content\/uploads\/2024\/06\/Jm-Automocion-min-300x200.jpg\" class=\"attachment-medium size-medium wp-image-3476\" alt=\"Automovil FERRARI GTC4 LUSSO T de Jm Automoci\u00f3n.\" srcset=\"https:\/\/talleressantaeulalia.es\/wp-content\/uploads\/2024\/06\/Jm-Automocion-min-300x200.jpg 300w, https:\/\/talleressantaeulalia.es\/wp-content\/uploads\/2024\/06\/Jm-Automocion-min.jpg 512w\" sizes=\"(max-width: 300px) 100vw, 300px\" \/><\/div><\/a>\n\t\t\t\t<div class=\"elementor-post__badge\">Projects<\/div>\n\t\t\t\t<div class=\"elementor-post__text\">\n\t\t\t\t<h3 class=\"elementor-post__title\">\n\t\t\t<a href=\"https:\/\/talleressantaeulalia.es\/en\/talleres-santa-eulalia-participa-en-un-evento-de-jm-automocion\/\" >\n\t\t\t\tTalleres Santa Eulalia participates in a Jm Automotive event.\t\t\t<\/a>\n\t\t<\/h3>\n\t\t\t\t<div class=\"elementor-post__excerpt\">\n\t\t\t<p>Last Friday, June 15, an event organized by @Jm Automoci\u00f3n took place at the Circuit Calafat facilities where Talleres Santa Eulalia was able to participate through<\/p>\n\t\t<\/div>\n\t\t\n\t\t<a class=\"elementor-post__read-more\" href=\"https:\/\/talleressantaeulalia.es\/en\/talleres-santa-eulalia-participa-en-un-evento-de-jm-automocion\/\" aria-label=\"Read more about Talleres Santa Eulalia participating in a JM Automoci\u00f3n event.\" tabindex=\"-1\" >\n\t\t\tRead more\t\t<\/a>\n\n\t\t\t\t<\/div>\n\t\t\t\t<div class=\"elementor-post__meta-data\">\n\t\t\t\t\t<span class=\"elementor-post-date\">\n\t\t\t13\/07\/2018\t\t<\/span>\n\t\t\t\t<\/div>\n\t\t\t\t\t<\/div>\n\t\t<\/article>\n\t\t\t\t<article class=\"elementor-post elementor-grid-item post-3482 post type-post status-publish format-standard has-post-thumbnail hentry category-proyectos\">\n\t\t\t<div class=\"elementor-post__card\">\n\t\t\t\t<a class=\"elementor-post__thumbnail__link\" href=\"https:\/\/talleressantaeulalia.es\/en\/evento-con-mediadores-de-catalana-occidente\/\" tabindex=\"-1\" ><div class=\"elementor-post__thumbnail\"><img loading=\"lazy\" decoding=\"async\" width=\"300\" height=\"188\" src=\"https:\/\/talleressantaeulalia.es\/wp-content\/uploads\/2024\/06\/catalana-occidente-06-300x188.jpg\" class=\"attachment-medium size-medium wp-image-3483\" alt=\"catalana-occidente-06\" srcset=\"https:\/\/talleressantaeulalia.es\/wp-content\/uploads\/2024\/06\/catalana-occidente-06-300x188.jpg 300w, https:\/\/talleressantaeulalia.es\/wp-content\/uploads\/2024\/06\/catalana-occidente-06-1024x640.jpg 1024w, https:\/\/talleressantaeulalia.es\/wp-content\/uploads\/2024\/06\/catalana-occidente-06-768x480.jpg 768w, https:\/\/talleressantaeulalia.es\/wp-content\/uploads\/2024\/06\/catalana-occidente-06.jpg 1201w\" sizes=\"(max-width: 300px) 100vw, 300px\" \/><\/div><\/a>\n\t\t\t\t<div class=\"elementor-post__badge\">Projects<\/div>\n\t\t\t\t<div class=\"elementor-post__text\">\n\t\t\t\t<h3 class=\"elementor-post__title\">\n\t\t\t<a href=\"https:\/\/talleressantaeulalia.es\/en\/evento-con-mediadores-de-catalana-occidente\/\" >\n\t\t\t\tEvent with Mediators from Catalana Oeste\t\t\t<\/a>\n\t\t<\/h3>\n\t\t\t\t<div class=\"elementor-post__excerpt\">\n\t\t\t<p>On October 16, Talleres Santa Eulalia held a successful event in collaboration with mediators from Catalana Oeste. During this day, a<\/p>\n\t\t<\/div>\n\t\t\n\t\t<a class=\"elementor-post__read-more\" href=\"https:\/\/talleressantaeulalia.es\/en\/evento-con-mediadores-de-catalana-occidente\/\" aria-label=\"Read more about Event with Mediators from Catalana Oeste\" tabindex=\"-1\" >\n\t\t\tRead more\t\t<\/a>\n\n\t\t\t\t<\/div>\n\t\t\t\t<div class=\"elementor-post__meta-data\">\n\t\t\t\t\t<span class=\"elementor-post-date\">\n\t\t\t14\/11\/2014\t\t<\/span>\n\t\t\t\t<\/div>\n\t\t\t\t\t<\/div>\n\t\t<\/article>\n\t\t\t\t<\/div>\n\t\t\n\t\t\t\t\t\t<\/div>\n\t\t\t\t<\/div>\n\t\t\t\t\t<\/div>\n\t\t\t\t<\/div>\n\t\t\t\t<\/div>","protected":false},"excerpt":{"rendered":"<p>Our Projects Explore our featured vehicle repair projects in Barcelona and Terrassa.<\/p>","protected":false},"author":1,"featured_media":0,"parent":0,"menu_order":0,"comment_status":"closed","ping_status":"closed","template":"elementor_header_footer","meta":{"footnotes":""},"class_list":["post-51","page","type-page","status-publish","hentry"],"yoast_head":"<!-- This site is optimized with the Yoast SEO plugin v25.3.1 - https:\/\/yoast.com\/wordpress\/plugins\/seo\/ -->\n<title>Proyectos Automotrices en Barcelona - Talleres Santa Eulalia<\/title>\n<meta name=\"description\" content=\"Descubre nuestros proyectos automotrices en Barcelona. Innovaci\u00f3n y calidad en cada reparaci\u00f3n. Nuestros proyectos en Talleres Santa Eulalia\" \/>\n<meta name=\"robots\" content=\"index, follow, max-snippet:-1, max-image-preview:large, max-video-preview:-1\" \/>\n<link rel=\"canonical\" href=\"https:\/\/talleressantaeulalia.es\/en\/proyectos\/\" \/>\n<meta property=\"og:locale\" content=\"en_GB\" \/>\n<meta property=\"og:type\" content=\"article\" \/>\n<meta property=\"og:title\" content=\"Proyectos Automotrices en Barcelona - Talleres Santa Eulalia\" \/>\n<meta property=\"og:description\" content=\"Descubre nuestros proyectos automotrices en Barcelona. Innovaci\u00f3n y calidad en cada reparaci\u00f3n. Nuestros proyectos en Talleres Santa Eulalia\" \/>\n<meta property=\"og:url\" content=\"https:\/\/talleressantaeulalia.es\/en\/proyectos\/\" \/>\n<meta property=\"og:site_name\" content=\"Talleres Santa Eulalia\" \/>\n<meta property=\"article:publisher\" content=\"https:\/\/www.facebook.com\/talleressantaeulalia\" \/>\n<meta property=\"article:modified_time\" content=\"2024-11-19T06:28:06+00:00\" \/>\n<meta name=\"twitter:card\" content=\"summary_large_image\" \/>\n<meta name=\"twitter:label1\" content=\"Estimated reading time\" \/>\n\t<meta name=\"twitter:data1\" content=\"3 minutes\" \/>\n<script type=\"application\/ld+json\" class=\"yoast-schema-graph\">{\"@context\":\"https:\/\/schema.org\",\"@graph\":[{\"@type\":\"WebPage\",\"@id\":\"https:\/\/talleressantaeulalia.es\/proyectos\/\",\"url\":\"https:\/\/talleressantaeulalia.es\/proyectos\/\",\"name\":\"Proyectos Automotrices en Barcelona - Talleres Santa Eulalia\",\"isPartOf\":{\"@id\":\"https:\/\/talleressantaeulalia.es\/#website\"},\"datePublished\":\"2024-06-01T03:16:11+00:00\",\"dateModified\":\"2024-11-19T06:28:06+00:00\",\"description\":\"Descubre nuestros proyectos automotrices en Barcelona. Innovaci\u00f3n y calidad en cada reparaci\u00f3n. Nuestros proyectos en Talleres Santa Eulalia\",\"breadcrumb\":{\"@id\":\"https:\/\/talleressantaeulalia.es\/proyectos\/#breadcrumb\"},\"inLanguage\":\"en-GB\",\"potentialAction\":[{\"@type\":\"ReadAction\",\"target\":[\"https:\/\/talleressantaeulalia.es\/proyectos\/\"]}]},{\"@type\":\"BreadcrumbList\",\"@id\":\"https:\/\/talleressantaeulalia.es\/proyectos\/#breadcrumb\",\"itemListElement\":[{\"@type\":\"ListItem\",\"position\":1,\"name\":\"Portada\",\"item\":\"https:\/\/talleressantaeulalia.es\/\"},{\"@type\":\"ListItem\",\"position\":2,\"name\":\"Proyectos\"}]},{\"@type\":\"WebSite\",\"@id\":\"https:\/\/talleressantaeulalia.es\/#website\",\"url\":\"https:\/\/talleressantaeulalia.es\/\",\"name\":\"Talleres Santa Eulalia\",\"description\":\"Taller mecanio en Terrassa, reparaci\u00f3n de veh\u00edculos, servicio oficial Tesla. Ofrecemos servicios de mec\u00e1nica, chapa y pintura con la garant\u00eda de calidad desde 1978\",\"publisher\":{\"@id\":\"https:\/\/talleressantaeulalia.es\/#organization\"},\"potentialAction\":[{\"@type\":\"SearchAction\",\"target\":{\"@type\":\"EntryPoint\",\"urlTemplate\":\"https:\/\/talleressantaeulalia.es\/?s={search_term_string}\"},\"query-input\":{\"@type\":\"PropertyValueSpecification\",\"valueRequired\":true,\"valueName\":\"search_term_string\"}}],\"inLanguage\":\"en-GB\"},{\"@type\":\"Organization\",\"@id\":\"https:\/\/talleressantaeulalia.es\/#organization\",\"name\":\"Talleres Santa Eulalia\",\"url\":\"https:\/\/talleressantaeulalia.es\/\",\"logo\":{\"@type\":\"ImageObject\",\"inLanguage\":\"en-GB\",\"@id\":\"https:\/\/talleressantaeulalia.es\/#\/schema\/logo\/image\/\",\"url\":\"https:\/\/talleressantaeulalia.es\/wp-content\/uploads\/2024\/06\/Logo-Talleres-Santa-Eulalia.png\",\"contentUrl\":\"https:\/\/talleressantaeulalia.es\/wp-content\/uploads\/2024\/06\/Logo-Talleres-Santa-Eulalia.png\",\"width\":253,\"height\":75,\"caption\":\"Talleres Santa Eulalia\"},\"image\":{\"@id\":\"https:\/\/talleressantaeulalia.es\/#\/schema\/logo\/image\/\"},\"sameAs\":[\"https:\/\/www.facebook.com\/talleressantaeulalia\",\"https:\/\/www.instagram.com\/talleres_santa_eulalia?igshid=q7vow4s39hla\",\"https:\/\/www.youtube.com\/channel\/UCs2QRdoHYKCNgHkm6bKUVmg\"]}]}<\/script>\n<!-- \/ Yoast SEO plugin. -->","yoast_head_json":{"title":"Proyectos Automotrices en Barcelona - Talleres Santa Eulalia","description":"Descubre nuestros proyectos automotrices en Barcelona. Innovaci\u00f3n y calidad en cada reparaci\u00f3n. Nuestros proyectos en Talleres Santa Eulalia","robots":{"index":"index","follow":"follow","max-snippet":"max-snippet:-1","max-image-preview":"max-image-preview:large","max-video-preview":"max-video-preview:-1"},"canonical":"https:\/\/talleressantaeulalia.es\/en\/proyectos\/","og_locale":"en_GB","og_type":"article","og_title":"Proyectos Automotrices en Barcelona - Talleres Santa Eulalia","og_description":"Descubre nuestros proyectos automotrices en Barcelona. Innovaci\u00f3n y calidad en cada reparaci\u00f3n. Nuestros proyectos en Talleres Santa Eulalia","og_url":"https:\/\/talleressantaeulalia.es\/en\/proyectos\/","og_site_name":"Talleres Santa Eulalia","article_publisher":"https:\/\/www.facebook.com\/talleressantaeulalia","article_modified_time":"2024-11-19T06:28:06+00:00","twitter_card":"summary_large_image","twitter_misc":{"Estimated reading time":"3 minutes"},"schema":{"@context":"https:\/\/schema.org","@graph":[{"@type":"WebPage","@id":"https:\/\/talleressantaeulalia.es\/proyectos\/","url":"https:\/\/talleressantaeulalia.es\/proyectos\/","name":"Proyectos Automotrices en Barcelona - Talleres Santa Eulalia","isPartOf":{"@id":"https:\/\/talleressantaeulalia.es\/#website"},"datePublished":"2024-06-01T03:16:11+00:00","dateModified":"2024-11-19T06:28:06+00:00","description":"Descubre nuestros proyectos automotrices en Barcelona. Innovaci\u00f3n y calidad en cada reparaci\u00f3n. Nuestros proyectos en Talleres Santa Eulalia","breadcrumb":{"@id":"https:\/\/talleressantaeulalia.es\/proyectos\/#breadcrumb"},"inLanguage":"en-GB","potentialAction":[{"@type":"ReadAction","target":["https:\/\/talleressantaeulalia.es\/proyectos\/"]}]},{"@type":"BreadcrumbList","@id":"https:\/\/talleressantaeulalia.es\/proyectos\/#breadcrumb","itemListElement":[{"@type":"ListItem","position":1,"name":"Portada","item":"https:\/\/talleressantaeulalia.es\/"},{"@type":"ListItem","position":2,"name":"Proyectos"}]},{"@type":"WebSite","@id":"https:\/\/talleressantaeulalia.es\/#website","url":"https:\/\/talleressantaeulalia.es\/","name":"Talleres Santa Eulalia","description":"Taller mecanio en Terrassa, reparaci\u00f3n de veh\u00edculos, servicio oficial Tesla. Ofrecemos servicios de mec\u00e1nica, chapa y pintura con la garant\u00eda de calidad desde 1978","publisher":{"@id":"https:\/\/talleressantaeulalia.es\/#organization"},"potentialAction":[{"@type":"SearchAction","target":{"@type":"EntryPoint","urlTemplate":"https:\/\/talleressantaeulalia.es\/?s={search_term_string}"},"query-input":{"@type":"PropertyValueSpecification","valueRequired":true,"valueName":"search_term_string"}}],"inLanguage":"en-GB"},{"@type":"Organization","@id":"https:\/\/talleressantaeulalia.es\/#organization","name":"Talleres Santa Eulalia","url":"https:\/\/talleressantaeulalia.es\/","logo":{"@type":"ImageObject","inLanguage":"en-GB","@id":"https:\/\/talleressantaeulalia.es\/#\/schema\/logo\/image\/","url":"https:\/\/talleressantaeulalia.es\/wp-content\/uploads\/2024\/06\/Logo-Talleres-Santa-Eulalia.png","contentUrl":"https:\/\/talleressantaeulalia.es\/wp-content\/uploads\/2024\/06\/Logo-Talleres-Santa-Eulalia.png","width":253,"height":75,"caption":"Talleres Santa Eulalia"},"image":{"@id":"https:\/\/talleressantaeulalia.es\/#\/schema\/logo\/image\/"},"sameAs":["https:\/\/www.facebook.com\/talleressantaeulalia","https:\/\/www.instagram.com\/talleres_santa_eulalia?igshid=q7vow4s39hla","https:\/\/www.youtube.com\/channel\/UCs2QRdoHYKCNgHkm6bKUVmg"]}]}},"_links":{"self":[{"href":"https:\/\/talleressantaeulalia.es\/en\/wp-json\/wp\/v2\/pages\/51","targetHints":{"allow":["GET"]}}],"collection":[{"href":"https:\/\/talleressantaeulalia.es\/en\/wp-json\/wp\/v2\/pages"}],"about":[{"href":"https:\/\/talleressantaeulalia.es\/en\/wp-json\/wp\/v2\/types\/page"}],"author":[{"embeddable":true,"href":"https:\/\/talleressantaeulalia.es\/en\/wp-json\/wp\/v2\/users\/1"}],"replies":[{"embeddable":true,"href":"https:\/\/talleressantaeulalia.es\/en\/wp-json\/wp\/v2\/comments?post=51"}],"version-history":[{"count":70,"href":"https:\/\/talleressantaeulalia.es\/en\/wp-json\/wp\/v2\/pages\/51\/revisions"}],"predecessor-version":[{"id":4599,"href":"https:\/\/talleressantaeulalia.es\/en\/wp-json\/wp\/v2\/pages\/51\/revisions\/4599"}],"wp:attachment":[{"href":"https:\/\/talleressantaeulalia.es\/en\/wp-json\/wp\/v2\/media?parent=51"}],"curies":[{"name":"wp","href":"https:\/\/api.w.org\/{rel}","templated":true}]}}