{"id":4150,"date":"2024-07-25T03:02:20","date_gmt":"2024-07-25T01:02:20","guid":{"rendered":"https:\/\/talleressantaeulalia.es\/?page_id=4150"},"modified":"2024-07-25T22:05:47","modified_gmt":"2024-07-25T20:05:47","slug":"tesla","status":"publish","type":"page","link":"https:\/\/talleressantaeulalia.es\/en\/tesla\/","title":{"rendered":"Tesla"},"content":{"rendered":"<div data-elementor-type=\"wp-page\" data-elementor-id=\"4150\" class=\"elementor elementor-4150\" data-elementor-post-type=\"page\">\n\t\t\t\t<div class=\"elementor-element elementor-element-cd8fdfc e-flex e-con-boxed e-con e-parent\" data-id=\"cd8fdfc\" data-element_type=\"container\" data-settings=\"{&quot;background_background&quot;:&quot;classic&quot;}\">\n\t\t\t\t\t<div class=\"e-con-inner\">\n\t\t<div class=\"elementor-element elementor-element-3fe6ac6 e-flex e-con-boxed e-con e-child\" data-id=\"3fe6ac6\" data-element_type=\"container\">\n\t\t\t\t\t<div class=\"e-con-inner\">\n\t\t<div class=\"elementor-element elementor-element-afc3b0b e-flex e-con-boxed e-con e-child\" data-id=\"afc3b0b\" data-element_type=\"container\">\n\t\t\t\t\t<div class=\"e-con-inner\">\n\t\t\t\t<div class=\"elementor-element elementor-element-cf1706b elementor-widget-divider--view-line elementor-widget elementor-widget-divider\" data-id=\"cf1706b\" data-element_type=\"widget\" data-widget_type=\"divider.default\">\n\t\t\t\t<div class=\"elementor-widget-container\">\n\t\t\t\t\t\t\t<div class=\"elementor-divider\">\n\t\t\t<span class=\"elementor-divider-separator\">\n\t\t\t\t\t\t<\/span>\n\t\t<\/div>\n\t\t\t\t\t\t<\/div>\n\t\t\t\t<\/div>\n\t\t\t\t<div class=\"elementor-element elementor-element-36987cb elementor-widget elementor-widget-image\" data-id=\"36987cb\" data-element_type=\"widget\" data-widget_type=\"image.default\">\n\t\t\t\t<div class=\"elementor-widget-container\">\n\t\t\t\t\t\t\t\t\t\t\t\t\t\t\t<img fetchpriority=\"high\" decoding=\"async\" width=\"590\" height=\"167\" src=\"https:\/\/talleressantaeulalia.es\/wp-content\/uploads\/2024\/06\/logo-tesla-rojo-imagen-png-body-shop.png\" class=\"attachment-full size-full wp-image-2243\" alt=\"logo tesla rojo imagen png body shop\" srcset=\"https:\/\/talleressantaeulalia.es\/wp-content\/uploads\/2024\/06\/logo-tesla-rojo-imagen-png-body-shop.png 590w, https:\/\/talleressantaeulalia.es\/wp-content\/uploads\/2024\/06\/logo-tesla-rojo-imagen-png-body-shop-300x85.png 300w\" sizes=\"(max-width: 590px) 100vw, 590px\" \/>\t\t\t\t\t\t\t\t\t\t\t\t\t\t\t<\/div>\n\t\t\t\t<\/div>\n\t\t\t\t<div class=\"elementor-element elementor-element-8a36d9d elementor-widget elementor-widget-heading\" data-id=\"8a36d9d\" data-element_type=\"widget\" data-widget_type=\"heading.default\">\n\t\t\t\t<div class=\"elementor-widget-container\">\n\t\t\t\t\t<h2 class=\"elementor-heading-title elementor-size-default\">EXCLUSIVE RESERVATION FOR TESLAS<\/h2>\t\t\t\t<\/div>\n\t\t\t\t<\/div>\n\t\t\t\t<div class=\"elementor-element elementor-element-e7779d4 elementor-widget elementor-widget-heading\" data-id=\"e7779d4\" data-element_type=\"widget\" data-widget_type=\"heading.default\">\n\t\t\t\t<div class=\"elementor-widget-container\">\n\t\t\t\t\t<h4 class=\"elementor-heading-title elementor-size-default\">We use original diagnostic software authorized by the Brand, ensuring a precise and efficient diagnosis for your Tesla.<\/h4>\t\t\t\t<\/div>\n\t\t\t\t<\/div>\n\t\t\t\t\t<\/div>\n\t\t\t\t<\/div>\n\t\t<div class=\"elementor-element elementor-element-a0c2eae e-con-full e-flex e-con e-child\" data-id=\"a0c2eae\" data-element_type=\"container\">\n\t\t<div class=\"elementor-element elementor-element-2cb1397 e-flex e-con-boxed e-con e-child\" data-id=\"2cb1397\" data-element_type=\"container\">\n\t\t\t\t\t<div class=\"e-con-inner\">\n\t\t\t\t<div class=\"elementor-element elementor-element-83ca9c1 elementor-absolute elementor-widget elementor-widget-image\" data-id=\"83ca9c1\" data-element_type=\"widget\" data-settings=\"{&quot;_position&quot;:&quot;absolute&quot;,&quot;motion_fx_motion_fx_scrolling&quot;:&quot;yes&quot;,&quot;motion_fx_translateX_effect&quot;:&quot;yes&quot;,&quot;motion_fx_translateX_direction&quot;:&quot;negative&quot;,&quot;motion_fx_translateX_speed&quot;:{&quot;unit&quot;:&quot;px&quot;,&quot;size&quot;:4,&quot;sizes&quot;:[]},&quot;motion_fx_translateX_affectedRange&quot;:{&quot;unit&quot;:&quot;%&quot;,&quot;size&quot;:&quot;&quot;,&quot;sizes&quot;:{&quot;start&quot;:0,&quot;end&quot;:100}},&quot;motion_fx_devices&quot;:[&quot;desktop&quot;,&quot;tablet&quot;,&quot;mobile&quot;]}\" data-widget_type=\"image.default\">\n\t\t\t\t<div class=\"elementor-widget-container\">\n\t\t\t\t\t\t\t\t\t\t\t\t\t\t\t<img decoding=\"async\" width=\"516\" height=\"285\" src=\"https:\/\/talleressantaeulalia.es\/wp-content\/uploads\/2024\/06\/reserva-carro-tesla-blanco-png.png\" class=\"attachment-full size-full wp-image-2200\" alt=\"reserva carro tesla blanco png\" srcset=\"https:\/\/talleressantaeulalia.es\/wp-content\/uploads\/2024\/06\/reserva-carro-tesla-blanco-png.png 516w, https:\/\/talleressantaeulalia.es\/wp-content\/uploads\/2024\/06\/reserva-carro-tesla-blanco-png-300x166.png 300w\" sizes=\"(max-width: 516px) 100vw, 516px\" \/>\t\t\t\t\t\t\t\t\t\t\t\t\t\t\t<\/div>\n\t\t\t\t<\/div>\n\t\t\t\t<div class=\"elementor-element elementor-element-2f27710 elementor-absolute elementor-widget elementor-widget-image\" data-id=\"2f27710\" data-element_type=\"widget\" data-settings=\"{&quot;_position&quot;:&quot;absolute&quot;,&quot;motion_fx_motion_fx_scrolling&quot;:&quot;yes&quot;,&quot;motion_fx_translateX_effect&quot;:&quot;yes&quot;,&quot;motion_fx_translateX_speed&quot;:{&quot;unit&quot;:&quot;px&quot;,&quot;size&quot;:4,&quot;sizes&quot;:[]},&quot;motion_fx_translateX_affectedRange&quot;:{&quot;unit&quot;:&quot;%&quot;,&quot;size&quot;:&quot;&quot;,&quot;sizes&quot;:{&quot;start&quot;:0,&quot;end&quot;:100}},&quot;motion_fx_devices&quot;:[&quot;desktop&quot;,&quot;tablet&quot;,&quot;mobile&quot;]}\" data-widget_type=\"image.default\">\n\t\t\t\t<div class=\"elementor-widget-container\">\n\t\t\t\t\t\t\t\t\t\t\t\t\t\t\t<img decoding=\"async\" width=\"544\" height=\"436\" src=\"https:\/\/talleressantaeulalia.es\/wp-content\/uploads\/2024\/06\/tesla-presupuesto-de-frente.png\" class=\"attachment-full size-full wp-image-1367\" alt=\"tesla presupuesto de frente\" srcset=\"https:\/\/talleressantaeulalia.es\/wp-content\/uploads\/2024\/06\/tesla-presupuesto-de-frente.png 544w, https:\/\/talleressantaeulalia.es\/wp-content\/uploads\/2024\/06\/tesla-presupuesto-de-frente-300x240.png 300w\" sizes=\"(max-width: 544px) 100vw, 544px\" \/>\t\t\t\t\t\t\t\t\t\t\t\t\t\t\t<\/div>\n\t\t\t\t<\/div>\n\t\t<div class=\"elementor-element elementor-element-70e1c7b e-flex e-con-boxed e-con e-child\" data-id=\"70e1c7b\" data-element_type=\"container\">\n\t\t\t\t\t<div class=\"e-con-inner\">\n\t\t<div class=\"elementor-element elementor-element-ebe04f6 e-flex e-con-boxed e-con e-child\" data-id=\"ebe04f6\" data-element_type=\"container\" data-settings=\"{&quot;background_background&quot;:&quot;classic&quot;}\">\n\t\t\t\t\t<div class=\"e-con-inner\">\n\t\t\t\t<div class=\"elementor-element elementor-element-ebf33ce elementor-widget elementor-widget-heading\" data-id=\"ebf33ce\" data-element_type=\"widget\" data-widget_type=\"heading.default\">\n\t\t\t\t<div class=\"elementor-widget-container\">\n\t\t\t\t\t<h2 class=\"elementor-heading-title elementor-size-default\">RESERVE<\/h2>\t\t\t\t<\/div>\n\t\t\t\t<\/div>\n\t\t\t\t<div class=\"elementor-element elementor-element-9ccb553 elementor-widget__width-initial elementor-widget elementor-widget-heading\" data-id=\"9ccb553\" data-element_type=\"widget\" data-widget_type=\"heading.default\">\n\t\t\t\t<div class=\"elementor-widget-container\">\n\t\t\t\t\t<h6 class=\"elementor-heading-title elementor-size-default\">Electric vehicle specialists. Take advantage of our advanced technology for the maintenance and repair of your Tesla.<\/h6>\t\t\t\t<\/div>\n\t\t\t\t<\/div>\n\t\t\t\t<div class=\"elementor-element elementor-element-f8b4bf1 elementor-absolute elementor-invisible elementor-widget elementor-widget-button\" data-id=\"f8b4bf1\" data-element_type=\"widget\" data-settings=\"{&quot;_animation&quot;:&quot;bounceInUp&quot;,&quot;_animation_delay&quot;:300,&quot;_animation_mobile&quot;:&quot;none&quot;,&quot;_position&quot;:&quot;absolute&quot;}\" data-widget_type=\"button.default\">\n\t\t\t\t<div class=\"elementor-widget-container\">\n\t\t\t\t\t\t\t\t\t<div class=\"elementor-button-wrapper\">\n\t\t\t\t\t<a class=\"elementor-button elementor-button-link elementor-size-sm elementor-animation-shrink\" href=\"https:\/\/talleressantaeulalia.es\/en\/reservar-cita-tesla\/\" target=\"_blank\">\n\t\t\t\t\t\t<span class=\"elementor-button-content-wrapper\">\n\t\t\t\t\t\t\t\t\t<span class=\"elementor-button-text\">RESERVE<\/span>\n\t\t\t\t\t<\/span>\n\t\t\t\t\t<\/a>\n\t\t\t\t<\/div>\n\t\t\t\t\t\t\t\t<\/div>\n\t\t\t\t<\/div>\n\t\t\t\t\t<\/div>\n\t\t\t\t<\/div>\n\t\t<div class=\"elementor-element elementor-element-94aa0de e-flex e-con-boxed e-con e-child\" data-id=\"94aa0de\" data-element_type=\"container\" data-settings=\"{&quot;background_background&quot;:&quot;classic&quot;}\">\n\t\t\t\t\t<div class=\"e-con-inner\">\n\t\t\t\t<div class=\"elementor-element elementor-element-1e7008e elementor-widget elementor-widget-heading\" data-id=\"1e7008e\" data-element_type=\"widget\" data-widget_type=\"heading.default\">\n\t\t\t\t<div class=\"elementor-widget-container\">\n\t\t\t\t\t<h2 class=\"elementor-heading-title elementor-size-default\">BUDGET<\/h2>\t\t\t\t<\/div>\n\t\t\t\t<\/div>\n\t\t\t\t<div class=\"elementor-element elementor-element-3140437 elementor-widget__width-initial elementor-widget elementor-widget-heading\" data-id=\"3140437\" data-element_type=\"widget\" data-widget_type=\"heading.default\">\n\t\t\t\t<div class=\"elementor-widget-container\">\n\t\t\t\t\t<h6 class=\"elementor-heading-title elementor-size-default\">Do you want to know how much the service you need costs? Fill out the form and we will give you a completely online quote.<\/h6>\t\t\t\t<\/div>\n\t\t\t\t<\/div>\n\t\t\t\t<div class=\"elementor-element elementor-element-7d159aa elementor-align-center elementor-absolute elementor-invisible elementor-widget elementor-widget-button\" data-id=\"7d159aa\" data-element_type=\"widget\" data-settings=\"{&quot;_animation&quot;:&quot;bounceInUp&quot;,&quot;_animation_delay&quot;:300,&quot;_animation_mobile&quot;:&quot;none&quot;,&quot;_position&quot;:&quot;absolute&quot;}\" data-widget_type=\"button.default\">\n\t\t\t\t<div class=\"elementor-widget-container\">\n\t\t\t\t\t\t\t\t\t<div class=\"elementor-button-wrapper\">\n\t\t\t\t\t<a class=\"elementor-button elementor-button-link elementor-size-sm elementor-animation-shrink\" href=\"https:\/\/talleressantaeulalia.es\/en\/cotizar-online-tesla\/\" target=\"_blank\">\n\t\t\t\t\t\t<span class=\"elementor-button-content-wrapper\">\n\t\t\t\t\t\t\t\t\t<span class=\"elementor-button-text\">BUDGET<\/span>\n\t\t\t\t\t<\/span>\n\t\t\t\t\t<\/a>\n\t\t\t\t<\/div>\n\t\t\t\t\t\t\t\t<\/div>\n\t\t\t\t<\/div>\n\t\t\t\t\t<\/div>\n\t\t\t\t<\/div>\n\t\t\t\t\t<\/div>\n\t\t\t\t<\/div>\n\t\t\t\t\t<\/div>\n\t\t\t\t<\/div>\n\t\t\t\t<\/div>\n\t\t\t\t\t<\/div>\n\t\t\t\t<\/div>\n\t\t\t\t\t<\/div>\n\t\t\t\t<\/div>\n\t\t\t\t<\/div>","protected":false},"excerpt":{"rendered":"<p>EXCLUSIVE RESERVATION FOR TESLAS We use original diagnostic software authorized by the brand, ensuring an accurate and efficient diagnosis for your Tesla. BOOK NOW Specialists in electric vehicles. Take advantage of our advanced technology for the maintenance and repair of your Tesla. BOOK NOW GET A QUOTE Want to know how much the service you need costs? Fill out the form and we&#039;ll [\u2026]<\/p>","protected":false},"author":1,"featured_media":0,"parent":0,"menu_order":0,"comment_status":"closed","ping_status":"closed","template":"","meta":{"footnotes":""},"class_list":["post-4150","page","type-page","status-publish","hentry"],"yoast_head":"<!-- This site is optimized with the Yoast SEO plugin v25.3.1 - https:\/\/yoast.com\/wordpress\/plugins\/seo\/ -->\n<title>Tesla - Talleres Santa Eulalia<\/title>\n<meta name=\"robots\" content=\"index, follow, max-snippet:-1, max-image-preview:large, max-video-preview:-1\" \/>\n<link rel=\"canonical\" href=\"https:\/\/talleressantaeulalia.es\/en\/tesla\/\" \/>\n<meta property=\"og:locale\" content=\"en_GB\" \/>\n<meta property=\"og:type\" content=\"article\" \/>\n<meta property=\"og:title\" content=\"Tesla - Talleres Santa Eulalia\" \/>\n<meta property=\"og:description\" content=\"RESERVA EXCLUSIVA PARA TESLAS Utilizamos software de diagnosis originales autorizado por la Marca asegurando un diagn\u00f3stico preciso y eficiente para tu Tesla. RESERVAR Especialistas en veh\u00edculos el\u00e9ctricos. Aprovecha nuestra tecnolog\u00eda avanzada para el mantenimiento y reparaci\u00f3n de tu Tesla. RESERVAR PRESUPUESTAR \u00bfQuieres saber cuanto cuesta el servicio que necesitas?, llena el formulario y te haremos [&hellip;]\" \/>\n<meta property=\"og:url\" content=\"https:\/\/talleressantaeulalia.es\/en\/tesla\/\" \/>\n<meta property=\"og:site_name\" content=\"Talleres Santa Eulalia\" \/>\n<meta property=\"article:publisher\" content=\"https:\/\/www.facebook.com\/talleressantaeulalia\" \/>\n<meta property=\"article:modified_time\" content=\"2024-07-25T20:05:47+00:00\" \/>\n<meta property=\"og:image\" content=\"https:\/\/talleressantaeulalia.es\/wp-content\/uploads\/2024\/06\/logo-tesla-rojo-imagen-png-body-shop.png\" \/>\n<meta name=\"twitter:card\" content=\"summary_large_image\" \/>\n<meta name=\"twitter:label1\" content=\"Estimated reading time\" \/>\n\t<meta name=\"twitter:data1\" content=\"1 minute\" \/>\n<script type=\"application\/ld+json\" class=\"yoast-schema-graph\">{\"@context\":\"https:\/\/schema.org\",\"@graph\":[{\"@type\":\"WebPage\",\"@id\":\"https:\/\/talleressantaeulalia.es\/tesla\/\",\"url\":\"https:\/\/talleressantaeulalia.es\/tesla\/\",\"name\":\"Tesla - Talleres Santa Eulalia\",\"isPartOf\":{\"@id\":\"https:\/\/talleressantaeulalia.es\/#website\"},\"primaryImageOfPage\":{\"@id\":\"https:\/\/talleressantaeulalia.es\/tesla\/#primaryimage\"},\"image\":{\"@id\":\"https:\/\/talleressantaeulalia.es\/tesla\/#primaryimage\"},\"thumbnailUrl\":\"https:\/\/talleressantaeulalia.es\/wp-content\/uploads\/2024\/06\/logo-tesla-rojo-imagen-png-body-shop.png\",\"datePublished\":\"2024-07-25T01:02:20+00:00\",\"dateModified\":\"2024-07-25T20:05:47+00:00\",\"breadcrumb\":{\"@id\":\"https:\/\/talleressantaeulalia.es\/tesla\/#breadcrumb\"},\"inLanguage\":\"en-GB\",\"potentialAction\":[{\"@type\":\"ReadAction\",\"target\":[\"https:\/\/talleressantaeulalia.es\/tesla\/\"]}]},{\"@type\":\"ImageObject\",\"inLanguage\":\"en-GB\",\"@id\":\"https:\/\/talleressantaeulalia.es\/tesla\/#primaryimage\",\"url\":\"https:\/\/talleressantaeulalia.es\/wp-content\/uploads\/2024\/06\/logo-tesla-rojo-imagen-png-body-shop.png\",\"contentUrl\":\"https:\/\/talleressantaeulalia.es\/wp-content\/uploads\/2024\/06\/logo-tesla-rojo-imagen-png-body-shop.png\"},{\"@type\":\"BreadcrumbList\",\"@id\":\"https:\/\/talleressantaeulalia.es\/tesla\/#breadcrumb\",\"itemListElement\":[{\"@type\":\"ListItem\",\"position\":1,\"name\":\"Portada\",\"item\":\"https:\/\/talleressantaeulalia.es\/\"},{\"@type\":\"ListItem\",\"position\":2,\"name\":\"Tesla\"}]},{\"@type\":\"WebSite\",\"@id\":\"https:\/\/talleressantaeulalia.es\/#website\",\"url\":\"https:\/\/talleressantaeulalia.es\/\",\"name\":\"Talleres Santa Eulalia\",\"description\":\"Taller mecanio en Terrassa, reparaci\u00f3n de veh\u00edculos, servicio oficial Tesla. Ofrecemos servicios de mec\u00e1nica, chapa y pintura con la garant\u00eda de calidad desde 1978\",\"publisher\":{\"@id\":\"https:\/\/talleressantaeulalia.es\/#organization\"},\"potentialAction\":[{\"@type\":\"SearchAction\",\"target\":{\"@type\":\"EntryPoint\",\"urlTemplate\":\"https:\/\/talleressantaeulalia.es\/?s={search_term_string}\"},\"query-input\":{\"@type\":\"PropertyValueSpecification\",\"valueRequired\":true,\"valueName\":\"search_term_string\"}}],\"inLanguage\":\"en-GB\"},{\"@type\":\"Organization\",\"@id\":\"https:\/\/talleressantaeulalia.es\/#organization\",\"name\":\"Talleres Santa Eulalia\",\"url\":\"https:\/\/talleressantaeulalia.es\/\",\"logo\":{\"@type\":\"ImageObject\",\"inLanguage\":\"en-GB\",\"@id\":\"https:\/\/talleressantaeulalia.es\/#\/schema\/logo\/image\/\",\"url\":\"https:\/\/talleressantaeulalia.es\/wp-content\/uploads\/2024\/06\/Logo-Talleres-Santa-Eulalia.png\",\"contentUrl\":\"https:\/\/talleressantaeulalia.es\/wp-content\/uploads\/2024\/06\/Logo-Talleres-Santa-Eulalia.png\",\"width\":253,\"height\":75,\"caption\":\"Talleres Santa Eulalia\"},\"image\":{\"@id\":\"https:\/\/talleressantaeulalia.es\/#\/schema\/logo\/image\/\"},\"sameAs\":[\"https:\/\/www.facebook.com\/talleressantaeulalia\",\"https:\/\/www.instagram.com\/talleres_santa_eulalia?igshid=q7vow4s39hla\",\"https:\/\/www.youtube.com\/channel\/UCs2QRdoHYKCNgHkm6bKUVmg\"]}]}<\/script>\n<!-- \/ Yoast SEO plugin. -->","yoast_head_json":{"title":"Tesla - Talleres Santa Eulalia","robots":{"index":"index","follow":"follow","max-snippet":"max-snippet:-1","max-image-preview":"max-image-preview:large","max-video-preview":"max-video-preview:-1"},"canonical":"https:\/\/talleressantaeulalia.es\/en\/tesla\/","og_locale":"en_GB","og_type":"article","og_title":"Tesla - Talleres Santa Eulalia","og_description":"RESERVA EXCLUSIVA PARA TESLAS Utilizamos software de diagnosis originales autorizado por la Marca asegurando un diagn\u00f3stico preciso y eficiente para tu Tesla. RESERVAR Especialistas en veh\u00edculos el\u00e9ctricos. Aprovecha nuestra tecnolog\u00eda avanzada para el mantenimiento y reparaci\u00f3n de tu Tesla. RESERVAR PRESUPUESTAR \u00bfQuieres saber cuanto cuesta el servicio que necesitas?, llena el formulario y te haremos [&hellip;]","og_url":"https:\/\/talleressantaeulalia.es\/en\/tesla\/","og_site_name":"Talleres Santa Eulalia","article_publisher":"https:\/\/www.facebook.com\/talleressantaeulalia","article_modified_time":"2024-07-25T20:05:47+00:00","og_image":[{"url":"https:\/\/talleressantaeulalia.es\/wp-content\/uploads\/2024\/06\/logo-tesla-rojo-imagen-png-body-shop.png","type":"","width":"","height":""}],"twitter_card":"summary_large_image","twitter_misc":{"Estimated reading time":"1 minute"},"schema":{"@context":"https:\/\/schema.org","@graph":[{"@type":"WebPage","@id":"https:\/\/talleressantaeulalia.es\/tesla\/","url":"https:\/\/talleressantaeulalia.es\/tesla\/","name":"Tesla - Talleres Santa Eulalia","isPartOf":{"@id":"https:\/\/talleressantaeulalia.es\/#website"},"primaryImageOfPage":{"@id":"https:\/\/talleressantaeulalia.es\/tesla\/#primaryimage"},"image":{"@id":"https:\/\/talleressantaeulalia.es\/tesla\/#primaryimage"},"thumbnailUrl":"https:\/\/talleressantaeulalia.es\/wp-content\/uploads\/2024\/06\/logo-tesla-rojo-imagen-png-body-shop.png","datePublished":"2024-07-25T01:02:20+00:00","dateModified":"2024-07-25T20:05:47+00:00","breadcrumb":{"@id":"https:\/\/talleressantaeulalia.es\/tesla\/#breadcrumb"},"inLanguage":"en-GB","potentialAction":[{"@type":"ReadAction","target":["https:\/\/talleressantaeulalia.es\/tesla\/"]}]},{"@type":"ImageObject","inLanguage":"en-GB","@id":"https:\/\/talleressantaeulalia.es\/tesla\/#primaryimage","url":"https:\/\/talleressantaeulalia.es\/wp-content\/uploads\/2024\/06\/logo-tesla-rojo-imagen-png-body-shop.png","contentUrl":"https:\/\/talleressantaeulalia.es\/wp-content\/uploads\/2024\/06\/logo-tesla-rojo-imagen-png-body-shop.png"},{"@type":"BreadcrumbList","@id":"https:\/\/talleressantaeulalia.es\/tesla\/#breadcrumb","itemListElement":[{"@type":"ListItem","position":1,"name":"Portada","item":"https:\/\/talleressantaeulalia.es\/"},{"@type":"ListItem","position":2,"name":"Tesla"}]},{"@type":"WebSite","@id":"https:\/\/talleressantaeulalia.es\/#website","url":"https:\/\/talleressantaeulalia.es\/","name":"Talleres Santa Eulalia","description":"Taller mecanio en Terrassa, reparaci\u00f3n de veh\u00edculos, servicio oficial Tesla. Ofrecemos servicios de mec\u00e1nica, chapa y pintura con la garant\u00eda de calidad desde 1978","publisher":{"@id":"https:\/\/talleressantaeulalia.es\/#organization"},"potentialAction":[{"@type":"SearchAction","target":{"@type":"EntryPoint","urlTemplate":"https:\/\/talleressantaeulalia.es\/?s={search_term_string}"},"query-input":{"@type":"PropertyValueSpecification","valueRequired":true,"valueName":"search_term_string"}}],"inLanguage":"en-GB"},{"@type":"Organization","@id":"https:\/\/talleressantaeulalia.es\/#organization","name":"Talleres Santa Eulalia","url":"https:\/\/talleressantaeulalia.es\/","logo":{"@type":"ImageObject","inLanguage":"en-GB","@id":"https:\/\/talleressantaeulalia.es\/#\/schema\/logo\/image\/","url":"https:\/\/talleressantaeulalia.es\/wp-content\/uploads\/2024\/06\/Logo-Talleres-Santa-Eulalia.png","contentUrl":"https:\/\/talleressantaeulalia.es\/wp-content\/uploads\/2024\/06\/Logo-Talleres-Santa-Eulalia.png","width":253,"height":75,"caption":"Talleres Santa Eulalia"},"image":{"@id":"https:\/\/talleressantaeulalia.es\/#\/schema\/logo\/image\/"},"sameAs":["https:\/\/www.facebook.com\/talleressantaeulalia","https:\/\/www.instagram.com\/talleres_santa_eulalia?igshid=q7vow4s39hla","https:\/\/www.youtube.com\/channel\/UCs2QRdoHYKCNgHkm6bKUVmg"]}]}},"_links":{"self":[{"href":"https:\/\/talleressantaeulalia.es\/en\/wp-json\/wp\/v2\/pages\/4150","targetHints":{"allow":["GET"]}}],"collection":[{"href":"https:\/\/talleressantaeulalia.es\/en\/wp-json\/wp\/v2\/pages"}],"about":[{"href":"https:\/\/talleressantaeulalia.es\/en\/wp-json\/wp\/v2\/types\/page"}],"author":[{"embeddable":true,"href":"https:\/\/talleressantaeulalia.es\/en\/wp-json\/wp\/v2\/users\/1"}],"replies":[{"embeddable":true,"href":"https:\/\/talleressantaeulalia.es\/en\/wp-json\/wp\/v2\/comments?post=4150"}],"version-history":[{"count":19,"href":"https:\/\/talleressantaeulalia.es\/en\/wp-json\/wp\/v2\/pages\/4150\/revisions"}],"predecessor-version":[{"id":4191,"href":"https:\/\/talleressantaeulalia.es\/en\/wp-json\/wp\/v2\/pages\/4150\/revisions\/4191"}],"wp:attachment":[{"href":"https:\/\/talleressantaeulalia.es\/en\/wp-json\/wp\/v2\/media?parent=4150"}],"curies":[{"name":"wp","href":"https:\/\/api.w.org\/{rel}","templated":true}]}}