{"id":57,"date":"2024-06-01T05:16:47","date_gmt":"2024-06-01T03:16:47","guid":{"rendered":"https:\/\/talleressantaeulalia.es\/?page_id=57"},"modified":"2025-10-22T16:59:08","modified_gmt":"2025-10-22T14:59:08","slug":"promociones","status":"publish","type":"page","link":"https:\/\/talleressantaeulalia.es\/ca\/promociones\/","title":{"rendered":"Promocions"},"content":{"rendered":"<div data-elementor-type=\"wp-page\" data-elementor-id=\"57\" class=\"elementor elementor-57\" data-elementor-post-type=\"page\">\n\t\t\t\t<div class=\"elementor-element elementor-element-9109022 e-flex e-con-boxed e-con e-parent\" data-id=\"9109022\" data-element_type=\"container\" data-settings=\"{&quot;background_background&quot;:&quot;classic&quot;}\">\n\t\t\t\t\t<div class=\"e-con-inner\">\n\t\t\t\t<div class=\"elementor-element elementor-element-0a72e97 elementor-widget-divider--view-line elementor-widget elementor-widget-divider\" data-id=\"0a72e97\" data-element_type=\"widget\" data-widget_type=\"divider.default\">\n\t\t\t\t<div class=\"elementor-widget-container\">\n\t\t\t\t\t\t\t<div class=\"elementor-divider\">\n\t\t\t<span class=\"elementor-divider-separator\">\n\t\t\t\t\t\t<\/span>\n\t\t<\/div>\n\t\t\t\t\t\t<\/div>\n\t\t\t\t<\/div>\n\t\t\t\t<div class=\"elementor-element elementor-element-b22a05b elementor-widget elementor-widget-heading\" data-id=\"b22a05b\" data-element_type=\"widget\" data-widget_type=\"heading.default\">\n\t\t\t\t<div class=\"elementor-widget-container\">\n\t\t\t\t\t<h1 class=\"elementor-heading-title elementor-size-default\">PROMOCIONS<\/h1>\t\t\t\t<\/div>\n\t\t\t\t<\/div>\n\t\t\t\t<div class=\"elementor-element elementor-element-ed34217 elementor-widget elementor-widget-heading\" data-id=\"ed34217\" data-element_type=\"widget\" data-widget_type=\"heading.default\">\n\t\t\t\t<div class=\"elementor-widget-container\">\n\t\t\t\t\t<h2 class=\"elementor-heading-title elementor-size-default\">A Tallers Santa Eulalia, sempre busquem oferir als nostres clients les millors promocions i descomptes en serveis de reparaci\u00f3 i manteniment de vehicles. Aprofita les nostres ofertes exclusives i mantingues el teu cotxe en perfectes condicions sense gastar de m\u00e9s.<\/h2>\t\t\t\t<\/div>\n\t\t\t\t<\/div>\n\t\t\t\t\t<\/div>\n\t\t\t\t<\/div>\n\t\t<div class=\"elementor-element elementor-element-f8d00a1 e-con-full e-flex e-con e-parent\" data-id=\"f8d00a1\" data-element_type=\"container\" data-settings=\"{&quot;background_background&quot;:&quot;classic&quot;,&quot;background_motion_fx_motion_fx_mouse&quot;:&quot;yes&quot;}\">\n\t\t<div class=\"elementor-element elementor-element-7ab9184 e-con-full e-flex e-con e-child\" data-id=\"7ab9184\" data-element_type=\"container\">\n\t\t<div class=\"elementor-element elementor-element-bdd6263 e-con-full e-flex e-con e-child\" data-id=\"bdd6263\" data-element_type=\"container\">\n\t\t\t\t<div class=\"elementor-element elementor-element-e5c6487 elementor-cta--skin-cover elementor-cta--valign-top elementor-animated-content elementor-bg-transform elementor-bg-transform-zoom-in elementor-widget elementor-widget-call-to-action\" data-id=\"e5c6487\" data-element_type=\"widget\" data-widget_type=\"call-to-action.default\">\n\t\t\t\t<div class=\"elementor-widget-container\">\n\t\t\t\t\t\t\t<div class=\"elementor-cta\">\n\t\t\t\t\t<div class=\"elementor-cta__bg-wrapper\">\n\t\t\t\t<div class=\"elementor-cta__bg elementor-bg\" style=\"background-image: url(https:\/\/talleressantaeulalia.es\/wp-content\/uploads\/2025\/10\/70x100-TQAS-Poster-PROMO_BALON_ES-TE_Otono2025_page-0001-1-1-724x1024.jpg);\" role=\"img\" aria-label=\"PROMO_BALON_Tardor20255_page-0001 (1) (1)\"><\/div>\n\t\t\t\t<div class=\"elementor-cta__bg-overlay\"><\/div>\n\t\t\t<\/div>\n\t\t\t\t\t\t\t<div class=\"elementor-cta__content\">\n\t\t\t\t\n\t\t\t\t\t\t\t\t\t<h2 class=\"elementor-cta__title elementor-cta__content-item elementor-content-item elementor-animated-item--grow\">\n\t\t\t\t\t\tPROMOCI\u00d3 CANVI D&#039;OLI\t\t\t\t\t<\/h2>\n\t\t\t\t\n\t\t\t\t\t\t\t\t\t<div class=\"elementor-cta__description elementor-cta__content-item elementor-content-item elementor-animated-item--grow\">\n\t\t\t\t\t\tCanvi d&#039;oli amb una pilota de regal<br> \n<div style=\"transform: rotate(90deg); position:absolute; top: 240px; left: -30px;\">OCTUBRE 2025<\/div><br><br>\t\t\t\t\t<\/div>\n\t\t\t\t\n\t\t\t\t\t\t\t\t\t<div class=\"elementor-cta__button-wrapper elementor-cta__content-item elementor-content-item elementor-animated-item--grow\">\n\t\t\t\t\t<a class=\"elementor-cta__button elementor-button elementor-size-\" href=\"#elementor-action%3Aaction%3Dpopup%3Aopen%26settings%3DeyJpZCI6IjYyMjEiLCJ0b2dnbGUiOmZhbHNlfQ%3D%3D\">\n\t\t\t\t\t\tMIRA M\u00c9S\t\t\t\t\t<\/a>\n\t\t\t\t\t<\/div>\n\t\t\t\t\t\t\t<\/div>\n\t\t\t\t\t\t\t<div class=\"elementor-ribbon elementor-ribbon-right\">\n\t\t\t\t<div class=\"elementor-ribbon-inner\">NOU<\/div>\n\t\t\t<\/div>\n\t\t\t\t<\/div>\n\t\t\t\t\t\t<\/div>\n\t\t\t\t<\/div>\n\t\t\t\t<\/div>\n\t\t<div class=\"elementor-element elementor-element-abbf536 e-con-full e-flex e-con e-child\" data-id=\"abbf536\" data-element_type=\"container\">\n\t\t\t\t<div class=\"elementor-element elementor-element-018d399 elementor-cta--skin-cover elementor-cta--valign-top elementor-animated-content elementor-bg-transform elementor-bg-transform-zoom-in elementor-widget elementor-widget-call-to-action\" data-id=\"018d399\" data-element_type=\"widget\" data-widget_type=\"call-to-action.default\">\n\t\t\t\t<div class=\"elementor-widget-container\">\n\t\t\t\t\t\t\t<div class=\"elementor-cta\">\n\t\t\t\t\t<div class=\"elementor-cta__bg-wrapper\">\n\t\t\t\t<div class=\"elementor-cta__bg elementor-bg\" style=\"background-image: url(https:\/\/talleressantaeulalia.es\/wp-content\/uploads\/2024\/10\/70x100-TQAS-Poster-PROMO_NECESER_ES-TE_Otono2024.jpg);\" role=\"img\" aria-label=\"Canvi d&#039;oli TotalEnergies a Talleres Santa Eulalia\"><\/div>\n\t\t\t\t<div class=\"elementor-cta__bg-overlay\"><\/div>\n\t\t\t<\/div>\n\t\t\t\t\t\t\t<div class=\"elementor-cta__content\">\n\t\t\t\t\n\t\t\t\t\t\t\t\t\t<h2 class=\"elementor-cta__title elementor-cta__content-item elementor-content-item elementor-animated-item--grow\">\n\t\t\t\t\t\tPROMOCI\u00d3 CANVI D&#039;OLI\t\t\t\t\t<\/h2>\n\t\t\t\t\n\t\t\t\t\t\t\t\t\t<div class=\"elementor-cta__description elementor-cta__content-item elementor-content-item elementor-animated-item--grow\">\n\t\t\t\t\t\tCanvi d&#039;oli amb regal<br> \n<div style=\"transform: rotate(90deg); position:absolute; top: 240px; left: -30px;\">OCTUBRE 2024<\/div><br><br>\t\t\t\t\t<\/div>\n\t\t\t\t\n\t\t\t\t\t\t\t\t\t<div class=\"elementor-cta__button-wrapper elementor-cta__content-item elementor-content-item elementor-animated-item--grow\">\n\t\t\t\t\t<a class=\"elementor-cta__button elementor-button elementor-size-\" href=\"#elementor-action%3Aaction%3Dpopup%3Aopen%26settings%3DeyJpZCI6IjQzOTUiLCJ0b2dnbGUiOmZhbHNlfQ%3D%3D\">\n\t\t\t\t\t\tMIRA M\u00c9S\t\t\t\t\t<\/a>\n\t\t\t\t\t<\/div>\n\t\t\t\t\t\t\t<\/div>\n\t\t\t\t\t\t\t<div class=\"elementor-ribbon\">\n\t\t\t\t<div class=\"elementor-ribbon-inner\">FINALZIADA<\/div>\n\t\t\t<\/div>\n\t\t\t\t<\/div>\n\t\t\t\t\t\t<\/div>\n\t\t\t\t<\/div>\n\t\t\t\t<\/div>\n\t\t<div class=\"elementor-element elementor-element-05c3c9a e-con-full e-flex e-con e-child\" data-id=\"05c3c9a\" data-element_type=\"container\">\n\t\t\t\t<div class=\"elementor-element elementor-element-f0e6732 elementor-cta--skin-cover elementor-cta--valign-top elementor-animated-content elementor-bg-transform elementor-bg-transform-zoom-in elementor-widget elementor-widget-call-to-action\" data-id=\"f0e6732\" data-element_type=\"widget\" data-widget_type=\"call-to-action.default\">\n\t\t\t\t<div class=\"elementor-widget-container\">\n\t\t\t\t\t\t\t<div class=\"elementor-cta\">\n\t\t\t\t\t<div class=\"elementor-cta__bg-wrapper\">\n\t\t\t\t<div class=\"elementor-cta__bg elementor-bg\" style=\"background-image: url(https:\/\/talleressantaeulalia.es\/wp-content\/uploads\/2024\/07\/BANNER-WEB-OFERTA-vertical.png);\" role=\"img\" aria-label=\"oferta especial canvi d&#039;oli i filtre promocion\"><\/div>\n\t\t\t\t<div class=\"elementor-cta__bg-overlay\"><\/div>\n\t\t\t<\/div>\n\t\t\t\t\t\t\t<div class=\"elementor-cta__content\">\n\t\t\t\t\n\t\t\t\t\t\t\t\t\t<h2 class=\"elementor-cta__title elementor-cta__content-item elementor-content-item elementor-animated-item--grow\">\n\t\t\t\t\t\tPROMOCI\u00d3 PER A CANVI D&#039;OLI\t\t\t\t\t<\/h2>\n\t\t\t\t\n\t\t\t\t\t\t\t\t\t<div class=\"elementor-cta__description elementor-cta__content-item elementor-content-item elementor-animated-item--grow\">\n\t\t\t\t\t\tExclusiva promoci\u00f3 per a aquest 2024 <br> \n<div style=\"transform: rotate(90deg); position:absolute; top: 240px; left: -30px;\">ABRIL 2024<\/div><br><br>\t\t\t\t\t<\/div>\n\t\t\t\t\n\t\t\t\t\t\t\t\t\t<div class=\"elementor-cta__button-wrapper elementor-cta__content-item elementor-content-item elementor-animated-item--grow\">\n\t\t\t\t\t<a class=\"elementor-cta__button elementor-button elementor-size-\" href=\"#elementor-action%3Aaction%3Dpopup%3Aopen%26settings%3DeyJpZCI6IjM3NzkiLCJ0b2dnbGUiOmZhbHNlfQ%3D%3D\">\n\t\t\t\t\t\tMIRA M\u00c9S\t\t\t\t\t<\/a>\n\t\t\t\t\t<\/div>\n\t\t\t\t\t\t\t<\/div>\n\t\t\t\t\t\t\t<div class=\"elementor-ribbon\">\n\t\t\t\t<div class=\"elementor-ribbon-inner\">FINALITZADA<\/div>\n\t\t\t<\/div>\n\t\t\t\t<\/div>\n\t\t\t\t\t\t<\/div>\n\t\t\t\t<\/div>\n\t\t\t\t<\/div>\n\t\t<div class=\"elementor-element elementor-element-45ec1bb e-con-full e-flex e-con e-child\" data-id=\"45ec1bb\" data-element_type=\"container\">\n\t\t\t\t<div class=\"elementor-element elementor-element-4bcaffd elementor-cta--skin-cover elementor-cta--valign-top elementor-animated-content elementor-bg-transform elementor-bg-transform-zoom-in elementor-widget elementor-widget-call-to-action\" data-id=\"4bcaffd\" data-element_type=\"widget\" data-widget_type=\"call-to-action.default\">\n\t\t\t\t<div class=\"elementor-widget-container\">\n\t\t\t\t\t\t\t<div class=\"elementor-cta\">\n\t\t\t\t\t<div class=\"elementor-cta__bg-wrapper\">\n\t\t\t\t<div class=\"elementor-cta__bg elementor-bg\" style=\"background-image: url(https:\/\/talleressantaeulalia.es\/wp-content\/uploads\/2024\/07\/Camapana-otono-talleres-santa-eulalia-Aceite-total-quartz-e1570554839383.jpg);\" role=\"img\" aria-label=\"promocion gratis un suport per al tel\u00e8fon\"><\/div>\n\t\t\t\t<div class=\"elementor-cta__bg-overlay\"><\/div>\n\t\t\t<\/div>\n\t\t\t\t\t\t\t<div class=\"elementor-cta__content\">\n\t\t\t\t\n\t\t\t\t\t\t\t\t\t<h2 class=\"elementor-cta__title elementor-cta__content-item elementor-content-item elementor-animated-item--grow\">\n\t\t\t\t\t\tPROMOCI\u00d3 SUPORT GRATIS\t\t\t\t\t<\/h2>\n\t\t\t\t\n\t\t\t\t\t\t\t\t\t<div class=\"elementor-cta__description elementor-cta__content-item elementor-content-item elementor-animated-item--grow\">\n\t\t\t\t\t\tPer qualsevol servei ofert porta un suport totalment GRATIS \n<div style=\"transform: rotate(90deg); position:absolute; top: 240px; left: -30px;\">JUNY 2019<\/div><br><br>\t\t\t\t\t<\/div>\n\t\t\t\t\n\t\t\t\t\t\t\t\t\t<div class=\"elementor-cta__button-wrapper elementor-cta__content-item elementor-content-item elementor-animated-item--grow\">\n\t\t\t\t\t<a class=\"elementor-cta__button elementor-button elementor-size-\" href=\"#elementor-action%3Aaction%3Dpopup%3Aopen%26settings%3DeyJpZCI6IjM3OTgiLCJ0b2dnbGUiOmZhbHNlfQ%3D%3D\">\n\t\t\t\t\t\tMIRAR M\u00c9S\t\t\t\t\t<\/a>\n\t\t\t\t\t<\/div>\n\t\t\t\t\t\t\t<\/div>\n\t\t\t\t\t\t\t<div class=\"elementor-ribbon\">\n\t\t\t\t<div class=\"elementor-ribbon-inner\">FINALITZADA<\/div>\n\t\t\t<\/div>\n\t\t\t\t<\/div>\n\t\t\t\t\t\t<\/div>\n\t\t\t\t<\/div>\n\t\t\t\t<\/div>\n\t\t<div class=\"elementor-element elementor-element-9a2e856 e-con-full e-flex e-con e-child\" data-id=\"9a2e856\" data-element_type=\"container\">\n\t\t\t\t<div class=\"elementor-element elementor-element-86e6a5c elementor-cta--skin-cover elementor-cta--valign-top elementor-animated-content elementor-bg-transform elementor-bg-transform-zoom-in elementor-widget elementor-widget-call-to-action\" data-id=\"86e6a5c\" data-element_type=\"widget\" data-widget_type=\"call-to-action.default\">\n\t\t\t\t<div class=\"elementor-widget-container\">\n\t\t\t\t\t\t\t<div class=\"elementor-cta\">\n\t\t\t\t\t<div class=\"elementor-cta__bg-wrapper\">\n\t\t\t\t<div class=\"elementor-cta__bg elementor-bg\" style=\"background-image: url(https:\/\/talleressantaeulalia.es\/wp-content\/uploads\/2024\/07\/Campana-de-PRIMAVERA-2017-Talleres-Santa-Eulalia-1-4.jpg);\" role=\"img\" aria-label=\"canvi d&#039;acetie a la primavera promocion\"><\/div>\n\t\t\t\t<div class=\"elementor-cta__bg-overlay\"><\/div>\n\t\t\t<\/div>\n\t\t\t\t\t\t\t<div class=\"elementor-cta__content\">\n\t\t\t\t\n\t\t\t\t\t\t\t\t\t<h2 class=\"elementor-cta__title elementor-cta__content-item elementor-content-item elementor-animated-item--grow\">\n\t\t\t\t\t\tPROMOCI\u00d3 CANVI D&#039;OLI\t\t\t\t\t<\/h2>\n\t\t\t\t\n\t\t\t\t\t\t\t\t\t<div class=\"elementor-cta__description elementor-cta__content-item elementor-content-item elementor-animated-item--grow\">\n\t\t\t\t\t\tCanvi d&#039;oli a la primavera amb descompte exclusiu \n<div style=\"transform: rotate(90deg); position:absolute; top: 240px; left: -30px;\">AGOST 2017<\/div><br><br>\t\t\t\t\t<\/div>\n\t\t\t\t\n\t\t\t\t\t\t\t\t\t<div class=\"elementor-cta__button-wrapper elementor-cta__content-item elementor-content-item elementor-animated-item--grow\">\n\t\t\t\t\t<a class=\"elementor-cta__button elementor-button elementor-size-\" href=\"#elementor-action%3Aaction%3Dpopup%3Aopen%26settings%3DeyJpZCI6IjM4MDIiLCJ0b2dnbGUiOmZhbHNlfQ%3D%3D\">\n\t\t\t\t\t\tMIRAR M\u00c9S\t\t\t\t\t<\/a>\n\t\t\t\t\t<\/div>\n\t\t\t\t\t\t\t<\/div>\n\t\t\t\t\t\t\t<div class=\"elementor-ribbon\">\n\t\t\t\t<div class=\"elementor-ribbon-inner\">FINALITZADA<\/div>\n\t\t\t<\/div>\n\t\t\t\t<\/div>\n\t\t\t\t\t\t<\/div>\n\t\t\t\t<\/div>\n\t\t\t\t<\/div>\n\t\t\t\t<\/div>\n\t\t\t\t<\/div>\n\t\t<div class=\"elementor-element elementor-element-2fb8337 e-con-full e-flex e-con e-parent\" data-id=\"2fb8337\" data-element_type=\"container\" data-settings=\"{&quot;background_background&quot;:&quot;classic&quot;,&quot;background_motion_fx_motion_fx_mouse&quot;:&quot;yes&quot;}\">\n\t\t<div class=\"elementor-element elementor-element-62644c8 e-con-full e-flex e-con e-child\" data-id=\"62644c8\" data-element_type=\"container\">\n\t\t<div class=\"elementor-element elementor-element-82a5719 e-con-full e-flex e-con e-child\" data-id=\"82a5719\" data-element_type=\"container\">\n\t\t\t\t<div class=\"elementor-element elementor-element-e2ace32 elementor-cta--skin-cover elementor-cta--valign-top elementor-animated-content elementor-bg-transform elementor-bg-transform-zoom-in elementor-widget elementor-widget-call-to-action\" data-id=\"e2ace32\" data-element_type=\"widget\" data-widget_type=\"call-to-action.default\">\n\t\t\t\t<div class=\"elementor-widget-container\">\n\t\t\t\t\t\t\t<div class=\"elementor-cta\">\n\t\t\t\t\t<div class=\"elementor-cta__bg-wrapper\">\n\t\t\t\t<div class=\"elementor-cta__bg elementor-bg\" style=\"background-image: url(https:\/\/talleressantaeulalia.es\/wp-content\/uploads\/2024\/07\/Campana-de-INVIERNO-2016-Talleres-Santa-Eulalia-1-1.jpg);\" role=\"img\" aria-label=\"promocion canvi d&#039;oli auto amb persona i para-sol\"><\/div>\n\t\t\t\t<div class=\"elementor-cta__bg-overlay\"><\/div>\n\t\t\t<\/div>\n\t\t\t\t\t\t\t<div class=\"elementor-cta__content\">\n\t\t\t\t\n\t\t\t\t\t\t\t\t\t<h2 class=\"elementor-cta__title elementor-cta__content-item elementor-content-item elementor-animated-item--grow\">\n\t\t\t\t\t\tPROMOCI\u00d3 REC\u00c0RREGA D&#039;AIRE CONDICIONAT\t\t\t\t\t<\/h2>\n\t\t\t\t\n\t\t\t\t\t\t\t\t\t<div class=\"elementor-cta__description elementor-cta__content-item elementor-content-item elementor-animated-item--grow\">\n\t\t\t\t\t\tNom\u00e9s per aquest estiu et recarreguem el teu aire condicionat amb un 23% OFF\n<div style=\"transform: rotate(90deg); position:absolute; top: 240px; left: -30px;\">JUNY 2016<\/div><br><br>\t\t\t\t\t<\/div>\n\t\t\t\t\n\t\t\t\t\t\t\t\t\t<div class=\"elementor-cta__button-wrapper elementor-cta__content-item elementor-content-item elementor-animated-item--grow\">\n\t\t\t\t\t<a class=\"elementor-cta__button elementor-button elementor-size-\" href=\"#elementor-action%3Aaction%3Dpopup%3Aopen%26settings%3DeyJpZCI6IjM4MDUiLCJ0b2dnbGUiOmZhbHNlfQ%3D%3D\">\n\t\t\t\t\t\tMIRAR M\u00c9S\t\t\t\t\t<\/a>\n\t\t\t\t\t<\/div>\n\t\t\t\t\t\t\t<\/div>\n\t\t\t\t\t\t\t<div class=\"elementor-ribbon\">\n\t\t\t\t<div class=\"elementor-ribbon-inner\">FINALITZADA<\/div>\n\t\t\t<\/div>\n\t\t\t\t<\/div>\n\t\t\t\t\t\t<\/div>\n\t\t\t\t<\/div>\n\t\t\t\t<\/div>\n\t\t<div class=\"elementor-element elementor-element-edaebbf e-con-full e-flex e-con e-child\" data-id=\"edaebbf\" data-element_type=\"container\">\n\t\t\t\t<\/div>\n\t\t<div class=\"elementor-element elementor-element-6fa9167 e-con-full e-flex e-con e-child\" data-id=\"6fa9167\" data-element_type=\"container\">\n\t\t\t\t<\/div>\n\t\t<div class=\"elementor-element elementor-element-910cc5b e-con-full e-flex e-con e-child\" data-id=\"910cc5b\" data-element_type=\"container\">\n\t\t\t\t<\/div>\n\t\t<div class=\"elementor-element elementor-element-7bedf96 e-con-full e-flex e-con e-child\" data-id=\"7bedf96\" data-element_type=\"container\">\n\t\t\t\t<\/div>\n\t\t\t\t<\/div>\n\t\t\t\t<\/div>\n\t\t\t\t<\/div>","protected":false},"excerpt":{"rendered":"<p>PROMOCIONES En Talleres Santa Eulalia, siempre buscamos ofrecer a nuestros clientes las mejores promociones y descuentos en servicios de reparaci\u00f3n y mantenimiento de veh\u00edculos. Aprovecha nuestras ofertas exclusivas y mant\u00e9n tu coche en perfectas condiciones sin gastar de m\u00e1s. PROMOCI\u00d3N CAMBIO DE ACEITE Cambio de Aceite con un bal\u00f3n de regalo OCTUBRE 2025 MIRA M\u00c1S [&hellip;]<\/p>","protected":false},"author":1,"featured_media":0,"parent":0,"menu_order":0,"comment_status":"closed","ping_status":"closed","template":"elementor_header_footer","meta":{"footnotes":""},"class_list":["post-57","page","type-page","status-publish","hentry"],"yoast_head":"<!-- This site is optimized with the Yoast SEO plugin v25.3.1 - https:\/\/yoast.com\/wordpress\/plugins\/seo\/ -->\n<title>Promociones y Ofertas en Barcelona Terrasa - Talleres Santa Eulalia<\/title>\n<meta name=\"description\" content=\"Descubre las mejores promociones y ofertas en reparaci\u00f3n y mantenimiento de veh\u00edculos en Talleres Santa Eulalia en Barcelona y Terrassa.\" \/>\n<meta name=\"robots\" content=\"index, follow, max-snippet:-1, max-image-preview:large, max-video-preview:-1\" \/>\n<link rel=\"canonical\" href=\"https:\/\/talleressantaeulalia.es\/ca\/promociones\/\" \/>\n<meta property=\"og:locale\" content=\"ca_ES\" \/>\n<meta property=\"og:type\" content=\"article\" \/>\n<meta property=\"og:title\" content=\"Promociones y Ofertas en Barcelona Terrasa - Talleres Santa Eulalia\" \/>\n<meta property=\"og:description\" content=\"Descubre las mejores promociones y ofertas en reparaci\u00f3n y mantenimiento de veh\u00edculos en Talleres Santa Eulalia en Barcelona y Terrassa.\" \/>\n<meta property=\"og:url\" content=\"https:\/\/talleressantaeulalia.es\/ca\/promociones\/\" \/>\n<meta property=\"og:site_name\" content=\"Talleres Santa Eulalia\" \/>\n<meta property=\"article:publisher\" content=\"https:\/\/www.facebook.com\/talleressantaeulalia\" \/>\n<meta property=\"article:modified_time\" content=\"2025-10-22T14:59:08+00:00\" \/>\n<meta name=\"twitter:card\" content=\"summary_large_image\" \/>\n<meta name=\"twitter:label1\" content=\"Temps estimat de lectura\" \/>\n\t<meta name=\"twitter:data1\" content=\"1 minut\" \/>\n<script type=\"application\/ld+json\" class=\"yoast-schema-graph\">{\"@context\":\"https:\/\/schema.org\",\"@graph\":[{\"@type\":\"WebPage\",\"@id\":\"https:\/\/talleressantaeulalia.es\/promociones\/\",\"url\":\"https:\/\/talleressantaeulalia.es\/promociones\/\",\"name\":\"Promociones y Ofertas en Barcelona Terrasa - Talleres Santa Eulalia\",\"isPartOf\":{\"@id\":\"https:\/\/talleressantaeulalia.es\/#website\"},\"datePublished\":\"2024-06-01T03:16:47+00:00\",\"dateModified\":\"2025-10-22T14:59:08+00:00\",\"description\":\"Descubre las mejores promociones y ofertas en reparaci\u00f3n y mantenimiento de veh\u00edculos en Talleres Santa Eulalia en Barcelona y Terrassa.\",\"breadcrumb\":{\"@id\":\"https:\/\/talleressantaeulalia.es\/promociones\/#breadcrumb\"},\"inLanguage\":\"ca\",\"potentialAction\":[{\"@type\":\"ReadAction\",\"target\":[\"https:\/\/talleressantaeulalia.es\/promociones\/\"]}]},{\"@type\":\"BreadcrumbList\",\"@id\":\"https:\/\/talleressantaeulalia.es\/promociones\/#breadcrumb\",\"itemListElement\":[{\"@type\":\"ListItem\",\"position\":1,\"name\":\"Portada\",\"item\":\"https:\/\/talleressantaeulalia.es\/\"},{\"@type\":\"ListItem\",\"position\":2,\"name\":\"Promociones\"}]},{\"@type\":\"WebSite\",\"@id\":\"https:\/\/talleressantaeulalia.es\/#website\",\"url\":\"https:\/\/talleressantaeulalia.es\/\",\"name\":\"Talleres Santa Eulalia\",\"description\":\"Taller mecanio en Terrassa, reparaci\u00f3n de veh\u00edculos, servicio oficial Tesla. Ofrecemos servicios de mec\u00e1nica, chapa y pintura con la garant\u00eda de calidad desde 1978\",\"publisher\":{\"@id\":\"https:\/\/talleressantaeulalia.es\/#organization\"},\"potentialAction\":[{\"@type\":\"SearchAction\",\"target\":{\"@type\":\"EntryPoint\",\"urlTemplate\":\"https:\/\/talleressantaeulalia.es\/?s={search_term_string}\"},\"query-input\":{\"@type\":\"PropertyValueSpecification\",\"valueRequired\":true,\"valueName\":\"search_term_string\"}}],\"inLanguage\":\"ca\"},{\"@type\":\"Organization\",\"@id\":\"https:\/\/talleressantaeulalia.es\/#organization\",\"name\":\"Talleres Santa Eulalia\",\"url\":\"https:\/\/talleressantaeulalia.es\/\",\"logo\":{\"@type\":\"ImageObject\",\"inLanguage\":\"ca\",\"@id\":\"https:\/\/talleressantaeulalia.es\/#\/schema\/logo\/image\/\",\"url\":\"https:\/\/talleressantaeulalia.es\/wp-content\/uploads\/2024\/06\/Logo-Talleres-Santa-Eulalia.png\",\"contentUrl\":\"https:\/\/talleressantaeulalia.es\/wp-content\/uploads\/2024\/06\/Logo-Talleres-Santa-Eulalia.png\",\"width\":253,\"height\":75,\"caption\":\"Talleres Santa Eulalia\"},\"image\":{\"@id\":\"https:\/\/talleressantaeulalia.es\/#\/schema\/logo\/image\/\"},\"sameAs\":[\"https:\/\/www.facebook.com\/talleressantaeulalia\",\"https:\/\/www.instagram.com\/talleres_santa_eulalia?igshid=q7vow4s39hla\",\"https:\/\/www.youtube.com\/channel\/UCs2QRdoHYKCNgHkm6bKUVmg\"]}]}<\/script>\n<!-- \/ Yoast SEO plugin. -->","yoast_head_json":{"title":"Promociones y Ofertas en Barcelona Terrasa - Talleres Santa Eulalia","description":"Descubre las mejores promociones y ofertas en reparaci\u00f3n y mantenimiento de veh\u00edculos en Talleres Santa Eulalia en Barcelona y Terrassa.","robots":{"index":"index","follow":"follow","max-snippet":"max-snippet:-1","max-image-preview":"max-image-preview:large","max-video-preview":"max-video-preview:-1"},"canonical":"https:\/\/talleressantaeulalia.es\/ca\/promociones\/","og_locale":"ca_ES","og_type":"article","og_title":"Promociones y Ofertas en Barcelona Terrasa - Talleres Santa Eulalia","og_description":"Descubre las mejores promociones y ofertas en reparaci\u00f3n y mantenimiento de veh\u00edculos en Talleres Santa Eulalia en Barcelona y Terrassa.","og_url":"https:\/\/talleressantaeulalia.es\/ca\/promociones\/","og_site_name":"Talleres Santa Eulalia","article_publisher":"https:\/\/www.facebook.com\/talleressantaeulalia","article_modified_time":"2025-10-22T14:59:08+00:00","twitter_card":"summary_large_image","twitter_misc":{"Temps estimat de lectura":"1 minut"},"schema":{"@context":"https:\/\/schema.org","@graph":[{"@type":"WebPage","@id":"https:\/\/talleressantaeulalia.es\/promociones\/","url":"https:\/\/talleressantaeulalia.es\/promociones\/","name":"Promociones y Ofertas en Barcelona Terrasa - Talleres Santa Eulalia","isPartOf":{"@id":"https:\/\/talleressantaeulalia.es\/#website"},"datePublished":"2024-06-01T03:16:47+00:00","dateModified":"2025-10-22T14:59:08+00:00","description":"Descubre las mejores promociones y ofertas en reparaci\u00f3n y mantenimiento de veh\u00edculos en Talleres Santa Eulalia en Barcelona y Terrassa.","breadcrumb":{"@id":"https:\/\/talleressantaeulalia.es\/promociones\/#breadcrumb"},"inLanguage":"ca","potentialAction":[{"@type":"ReadAction","target":["https:\/\/talleressantaeulalia.es\/promociones\/"]}]},{"@type":"BreadcrumbList","@id":"https:\/\/talleressantaeulalia.es\/promociones\/#breadcrumb","itemListElement":[{"@type":"ListItem","position":1,"name":"Portada","item":"https:\/\/talleressantaeulalia.es\/"},{"@type":"ListItem","position":2,"name":"Promociones"}]},{"@type":"WebSite","@id":"https:\/\/talleressantaeulalia.es\/#website","url":"https:\/\/talleressantaeulalia.es\/","name":"Talleres Santa Eulalia","description":"Taller mecanio en Terrassa, reparaci\u00f3n de veh\u00edculos, servicio oficial Tesla. Ofrecemos servicios de mec\u00e1nica, chapa y pintura con la garant\u00eda de calidad desde 1978","publisher":{"@id":"https:\/\/talleressantaeulalia.es\/#organization"},"potentialAction":[{"@type":"SearchAction","target":{"@type":"EntryPoint","urlTemplate":"https:\/\/talleressantaeulalia.es\/?s={search_term_string}"},"query-input":{"@type":"PropertyValueSpecification","valueRequired":true,"valueName":"search_term_string"}}],"inLanguage":"ca"},{"@type":"Organization","@id":"https:\/\/talleressantaeulalia.es\/#organization","name":"Talleres Santa Eulalia","url":"https:\/\/talleressantaeulalia.es\/","logo":{"@type":"ImageObject","inLanguage":"ca","@id":"https:\/\/talleressantaeulalia.es\/#\/schema\/logo\/image\/","url":"https:\/\/talleressantaeulalia.es\/wp-content\/uploads\/2024\/06\/Logo-Talleres-Santa-Eulalia.png","contentUrl":"https:\/\/talleressantaeulalia.es\/wp-content\/uploads\/2024\/06\/Logo-Talleres-Santa-Eulalia.png","width":253,"height":75,"caption":"Talleres Santa Eulalia"},"image":{"@id":"https:\/\/talleressantaeulalia.es\/#\/schema\/logo\/image\/"},"sameAs":["https:\/\/www.facebook.com\/talleressantaeulalia","https:\/\/www.instagram.com\/talleres_santa_eulalia?igshid=q7vow4s39hla","https:\/\/www.youtube.com\/channel\/UCs2QRdoHYKCNgHkm6bKUVmg"]}]}},"_links":{"self":[{"href":"https:\/\/talleressantaeulalia.es\/ca\/wp-json\/wp\/v2\/pages\/57","targetHints":{"allow":["GET"]}}],"collection":[{"href":"https:\/\/talleressantaeulalia.es\/ca\/wp-json\/wp\/v2\/pages"}],"about":[{"href":"https:\/\/talleressantaeulalia.es\/ca\/wp-json\/wp\/v2\/types\/page"}],"author":[{"embeddable":true,"href":"https:\/\/talleressantaeulalia.es\/ca\/wp-json\/wp\/v2\/users\/1"}],"replies":[{"embeddable":true,"href":"https:\/\/talleressantaeulalia.es\/ca\/wp-json\/wp\/v2\/comments?post=57"}],"version-history":[{"count":76,"href":"https:\/\/talleressantaeulalia.es\/ca\/wp-json\/wp\/v2\/pages\/57\/revisions"}],"predecessor-version":[{"id":6229,"href":"https:\/\/talleressantaeulalia.es\/ca\/wp-json\/wp\/v2\/pages\/57\/revisions\/6229"}],"wp:attachment":[{"href":"https:\/\/talleressantaeulalia.es\/ca\/wp-json\/wp\/v2\/media?parent=57"}],"curies":[{"name":"wp","href":"https:\/\/api.w.org\/{rel}","templated":true}]}}